{"id":168,"date":"2016-04-21T11:06:03","date_gmt":"2016-04-21T09:06:03","guid":{"rendered":"http:\/\/demo.kaplan-dienstleistungen.de\/?page_id=168"},"modified":"2023-09-15T11:54:17","modified_gmt":"2023-09-15T09:54:17","slug":"kontakt","status":"publish","type":"page","link":"https:\/\/kaplan-dienstleistungen.de\/?page_id=168","title":{"rendered":"Kontakt"},"content":{"rendered":"<div class=\"vc_row wpb_row vc_row-fluid vc_custom_1557590214085 uranium_custom_6486f009f37db vc_custom_1557590214085 vc_custom_1557590214085\"><div class=\"wpb_column vc_column_container vc_col-sm-12\"><div class=\"vc_column-inner\"><div class=\"wpb_wrapper\">            <strong><\/strong><div class=\"uranium-heading style1 center   vc_custom_1557589952451 uranium_custom_6486f009f37de vc_custom_1557589952451 vc_custom_1557589952451 vc_custom_1557589952468 \">\r\n\t\t\t\t                    <h2 class=\"uranium-title\">\r\n\t\t\t\t\t\tLassen Sie uns<br \/>\nErfolgreich Zusammenarbeiten!                    <\/h2>\r\n\t\t\t\t\t\t\t\t            <\/div>\r\n\t\t\t<\/div><\/div><\/div><\/div><div class=\"vc_row wpb_row vc_row-fluid\"><div class=\"wpb_column vc_column_container vc_col-sm-12\"><div class=\"vc_column-inner\"><div class=\"wpb_wrapper\">            <strong><\/strong><div class=\"uranium-heading style2 left   uranium_custom_6486f009f37e1 \">\r\n\t\t\t\t                    <h2 class=\"uranium-title\">\r\n\t\t\t\t\t\tIhre Ansprechspartner                    <\/h2>\r\n\t\t\t\t\t\t\t\t            <\/div>\r\n\t\t\t<div class=\"vc_empty_space uranium_custom_6486f009f37e3\"   style=\"height: 32px\"><span class=\"vc_empty_space_inner\"><\/span><\/div><\/div><\/div><\/div><\/div><div class=\"vc_row wpb_row vc_row-fluid uranium_custom_6486f009f37e5\"><div class=\"wpb_column vc_column_container vc_col-sm-12\"><div class=\"vc_column-inner\"><div class=\"wpb_wrapper\"><div class=\"vc_empty_space uranium_custom_6486f009f37e7\"   style=\"height: 32px\"><span class=\"vc_empty_space_inner\"><\/span><\/div><\/div><\/div><\/div><\/div><div class=\"vc_row wpb_row vc_row-fluid uranium_custom_6486f009f37e9\"><div class=\"wpb_column vc_column_container vc_col-sm-12\"><div class=\"vc_column-inner\"><div class=\"wpb_wrapper\">\n\t<div class=\"wpb_text_column wpb_content_element uranium_custom_6486f009f37eb \" >\n\t\t<div class=\"wpb_wrapper\">\n\t\t\t<p><span style=\"font-family: arial, helvetica, sans-serif; font-size: 16px;\"><strong>Gesch\u00e4ftsinhaber<\/strong><\/span><br \/>\n<span style=\"font-size: 16px; font-family: arial, helvetica, sans-serif;\"><strong>Mehmet S\u00fckr\u00fc Tarim<\/strong><\/span><\/p>\n<p><span style=\"font-size: 16px; font-family: arial, helvetica, sans-serif;\"><strong>Tel:<\/strong> 0941 \u2013 630 70 930<\/span><\/p>\n\n\t\t<\/div>\n\t<\/div>\n<div class=\"vc_empty_space uranium_custom_6486f009f37ed\"   style=\"height: 32px\"><span class=\"vc_empty_space_inner\"><\/span><\/div><\/div><\/div><\/div><\/div><div class=\"vc_row wpb_row vc_row-fluid uranium_custom_6486f009f37ef\"><div class=\"wpb_column vc_column_container vc_col-sm-12\"><div class=\"vc_column-inner\"><div class=\"wpb_wrapper\"><div class=\"vc_empty_space uranium_custom_6486f009f37f1\"   style=\"height: 32px\"><span class=\"vc_empty_space_inner\"><\/span><\/div><\/div><\/div><\/div><\/div><div class=\"vc_row wpb_row vc_row-fluid vc_custom_1557590214085 uranium_custom_6486f009f37f3 vc_custom_1557590214085 vc_custom_1557590214085\"><div class=\"wpb_column vc_column_container vc_col-sm-12\"><div class=\"vc_column-inner\"><div class=\"wpb_wrapper\"><h3 style=\"text-align: left\" class=\"vc_custom_heading vc_custom_1580150351418 uranium_custom_6486f009f37f5 vc_custom_1580150351418 vc_custom_1580150351418\" >Anschrift:<\/h3>\n\t<div class=\"wpb_text_column wpb_content_element uranium_custom_6486f009f37f7 \" >\n\t\t<div class=\"wpb_wrapper\">\n\t\t\t<div class=\"wpb_text_column wpb_content_element \">\n<div class=\"wpb_wrapper\">\n<p><strong>Kaplan Geb\u00e4udereinigung &amp; Dienstleistungsservice<\/strong><br \/>\nWestheim 43<br \/>\n93049 Regensburg<\/p>\n<p><strong>Tel: 0941 &#8211; 630 70 930<\/strong><br \/>\n<strong>E-Mail:<\/strong> &#x69;&#110;&#x66;&#x6f;&#64;&#x6b;&#97;p&#x6c;&#97;n&#x2d;&#100;i&#x65;&#110;s&#x74;&#108;&#x65;&#x69;&#115;&#x74;&#x75;&#110;&#x67;&#101;n&#x2e;&#100;e<\/p>\n<\/div>\n<\/div>\n\n\t\t<\/div>\n\t<\/div>\n<div class=\"vc_empty_space uranium_custom_6486f009f37fa\"   style=\"height: 15px\"><span class=\"vc_empty_space_inner\"><\/span><\/div>\n\t<div class=\"wpb_text_column wpb_content_element uranium_custom_6486f009f37fc \" >\n\t\t<div class=\"wpb_wrapper\">\n\t\t\t<p>Beim Klick auf dem Link unten wird eine externe Seite von Google Maps ge\u00f6ffnet.<br \/>\n<a href=\"https:\/\/www.google.com\/maps\/dir\/\/Gewerbegebiet+Vorstadt-West,+Oberer+M%C3%BChlweg+17,+93133+Burglengenfeld\/@49.2100665,11.9855207,13z\/data=!4m8!4m7!1m0!1m5!1m1!1s0x479f921428d1257b:0x45e498159c83b49e!2m2!1d12.02054!2d49.2100157?hl=de\">Google Maps Webseite!<\/a><\/p>\n\n\t\t<\/div>\n\t<\/div>\n<div class=\"vc_empty_space uranium_custom_6486f009f37fe\"   style=\"height: 32px\"><span class=\"vc_empty_space_inner\"><\/span><\/div><\/div><\/div><\/div><\/div><div class=\"vc_row wpb_row vc_row-fluid\"><div class=\"wpb_column vc_column_container vc_col-sm-12\"><div class=\"vc_column-inner\"><div class=\"wpb_wrapper\"><div class=\"vc_empty_space uranium_custom_6486f009f3800\"   style=\"height: 32px\"><span class=\"vc_empty_space_inner\"><\/span><\/div><div class=\"vc_empty_space uranium_custom_6486f009f3802\"   style=\"height: 32px\"><span class=\"vc_empty_space_inner\"><\/span><\/div><\/div><\/div><\/div><\/div><div data-vc-full-width=\"true\" data-vc-full-width-init=\"false\" class=\"vc_row wpb_row vc_row-fluid vc_custom_1526806451622 vc_row-has-fill uranium_custom_6486f009f3804 vc_custom_1526806451622 vc_custom_1526806451622 vc_custom_1526806451665\"><div class=\"wpb_column vc_column_container vc_col-sm-12\"><div class=\"vc_column-inner\"><div class=\"wpb_wrapper\"><h2 style=\"text-align: center\" class=\"vc_custom_heading vc_custom_1551981252361 uranium_custom_6486f009f3806 vc_custom_1551981252361 vc_custom_1551981252361 vc_custom_1551981252369\" >Kontaktformular<\/h2>\n<div class=\"wpcf7 no-js\" id=\"wpcf7-f8-o1\" lang=\"en-US\" dir=\"ltr\" data-wpcf7-id=\"8\">\n<div class=\"screen-reader-response\"><p role=\"status\" aria-live=\"polite\" aria-atomic=\"true\"><\/p> <ul><\/ul><\/div>\n<form action=\"\/index.php?rest_route=%2Fwp%2Fv2%2Fpages%2F168#wpcf7-f8-o1\" method=\"post\" class=\"wpcf7-form init\" aria-label=\"Contact form\" novalidate=\"novalidate\" data-status=\"init\">\n<fieldset class=\"hidden-fields-container\"><input type=\"hidden\" name=\"_wpcf7\" value=\"8\" \/><input type=\"hidden\" name=\"_wpcf7_version\" value=\"6.1.5\" \/><input type=\"hidden\" name=\"_wpcf7_locale\" value=\"en_US\" \/><input type=\"hidden\" name=\"_wpcf7_unit_tag\" value=\"wpcf7-f8-o1\" \/><input type=\"hidden\" name=\"_wpcf7_container_post\" value=\"0\" \/><input type=\"hidden\" name=\"_wpcf7_posted_data_hash\" value=\"\" \/>\n<\/fieldset>\n<div class=\"contact-wrap auto-clear\">\n\t<div class=\"row\">\n\t\t<div class=\"col-bg-6 col-lg-6 col-md-6 col-sm-6\">\n\t\t\t<p><span class=\"wpcf7-form-control-wrap\" data-name=\"text\"><input size=\"40\" maxlength=\"400\" class=\"wpcf7-form-control wpcf7-text wpcf7-validates-as-required\" aria-required=\"true\" aria-invalid=\"false\" placeholder=\"Vor- und Nachname*\" value=\"\" type=\"text\" name=\"text\" \/><\/span>\n\t\t\t<\/p>\n\t\t<\/div>\n\t\t<div class=\"col-bg-6 col-lg-6 col-md-6 col-sm-6\">\n\t\t\t<p><span class=\"wpcf7-form-control-wrap\" data-name=\"email\"><input size=\"40\" maxlength=\"400\" class=\"wpcf7-form-control wpcf7-email wpcf7-validates-as-required wpcf7-text wpcf7-validates-as-email\" aria-required=\"true\" aria-invalid=\"false\" placeholder=\"Ihre E-Mail Adresse*\" value=\"\" type=\"email\" name=\"email\" \/><\/span>\n\t\t\t<\/p>\n\t\t<\/div>\n\t\t<div class=\"col-bg-6 col-lg-6 col-md-6 col-sm-6\">\n\t\t\t<p><span class=\"wpcf7-form-control-wrap\" data-name=\"tel\"><input size=\"40\" maxlength=\"400\" class=\"wpcf7-form-control wpcf7-tel wpcf7-validates-as-required wpcf7-text wpcf7-validates-as-tel\" aria-required=\"true\" aria-invalid=\"false\" placeholder=\"Ihre Telefonnummer*\" value=\"\" type=\"tel\" name=\"tel\" \/><\/span>\n\t\t\t<\/p>\n\t\t<\/div>\n\t\t<div class=\"col-bg-6 col-lg-6 col-md-6 col-sm-6\">\n\t\t\t<p><span class=\"wpcf7-form-control-wrap\" data-name=\"company\"><input size=\"40\" maxlength=\"400\" class=\"wpcf7-form-control wpcf7-text\" aria-invalid=\"false\" placeholder=\"Ihre Firmenname\" value=\"\" type=\"text\" name=\"company\" \/><\/span>\n\t\t\t<\/p>\n\t\t<\/div>\n\t\t<div class=\"col-sm-12\">\n\t\t\t<p><span class=\"wpcf7-form-control-wrap\" data-name=\"message\"><textarea cols=\"40\" rows=\"10\" maxlength=\"2000\" class=\"wpcf7-form-control wpcf7-textarea wpcf7-validates-as-required\" aria-required=\"true\" aria-invalid=\"false\" placeholder=\"Ihre Anfrage an uns...\" name=\"message\"><\/textarea><\/span>\n\t\t\t<\/p>\n\t\t<\/div>\n\t<\/div>\n<\/div>\n<p><span id=\"wpcf7-69e7861462831-wrapper\" class=\"wpcf7-form-control-wrap E-Mail-wrap\" style=\"display:none !important; visibility:hidden !important;\"><label for=\"wpcf7-69e7861462831-field\" class=\"hp-message\">Please leave this field empty.<\/label><input id=\"wpcf7-69e7861462831-field\"  class=\"wpcf7-form-control wpcf7-text\" type=\"text\" name=\"E-Mail\" value=\"\" size=\"40\" tabindex=\"-1\" autocomplete=\"new-password\" \/><\/span><br \/>\n<span id=\"wpcf7-69e7861462862-wrapper\" class=\"wpcf7-form-control-wrap Webseite-wrap\" style=\"display:none !important; visibility:hidden !important;\"><label for=\"wpcf7-69e7861462862-field\" class=\"hp-message\">Please leave this field empty.<\/label><input id=\"wpcf7-69e7861462862-field\"  class=\"wpcf7-form-control wpcf7-text\" type=\"text\" name=\"Webseite\" value=\"\" size=\"40\" tabindex=\"-1\" autocomplete=\"new-password\" \/><\/span>\n<\/p>\n<div class=\"col-sm-12\">\n\t<p><span class=\"wpcf7-form-control-wrap\" data-name=\"acceptance-559\"><span class=\"wpcf7-form-control wpcf7-acceptance\"><span class=\"wpcf7-list-item\"><label><input type=\"checkbox\" name=\"acceptance-559\" value=\"1\" aria-invalid=\"false\" \/><span class=\"wpcf7-list-item-label\">Ich stimme zu, dass meine Angaben aus dem Kontaktformular zur Beantwortung meiner Anfrage erhoben und verarbeitet werden. Die Daten werden nach abgeschlossener Bearbeitung Ihrer Anfrage gel\u00f6scht. Hinweis: Sie k\u00f6nnen Ihre Einwilligung jederzeit f\u00fcr die Zukunft per E-Mail an &#x69;&#110;&#102;o&#x40;&#x6b;&#97;p&#x6c;&#x61;&#110;-d&#x69;&#101;&#110;s&#x74;&#x6c;&#101;i&#x73;&#x74;&#117;&#110;g&#x65;&#x6e;&#46;d&#x65; widerrufen. Detaillierte Informationen zum Umgang mit Nutzerdaten finden Sie in unserer Datenschutzerkl\u00e4rung.<\/span><\/label><\/span><\/span><\/span>\n\t<\/p>\n<\/div>\n<div class=\"contact-wrap auto-clear\">\n\t<div class=\"row\">\n\t\t<div class=\"col-sm-12\">\n\t\t\t<div class=\"contact-submit\">\n\t\t\t\t<p><input class=\"wpcf7-form-control wpcf7-submit has-spinner\" type=\"submit\" value=\"SENDEN\" \/>\n\t\t\t\t<\/p>\n\t\t\t<\/div>\n\t\t<\/div>\n\t<\/div>\n<\/div><div class=\"wpcf7-response-output\" aria-hidden=\"true\"><\/div>\n<\/form>\n<\/div>\n<\/div><\/div><\/div><\/div><div class=\"vc_row-full-width vc_clearfix\"><\/div>\n","protected":false},"excerpt":{"rendered":"Lassen Sie uns Erfolgreich Zusammenarbeiten! Ihre Ansprechspartner Gesch\u00e4ftsinhaber Mehmet S\u00fckr\u00fc Tarim Tel: 0941 \u2013 630 70 930 Anschrift: Kaplan Geb\u00e4udereinigung &amp; Dienstleistungsservice Westheim 43 93049 Regensburg Tel: 0941 - 630 70 930 E-Mail: &#x69;n&#x66;&#111;&#x40;&#107;a&#x70;&#108;&#x61;&#110;-&#x64;&#105;&#x65;&#110;s&#x74;l&#x65;&#105;&#x73;&#x74;u&#x6e;&#103;&#x65;&#110;&#46;&#x64;&#101; Beim Klick auf dem Link unten wird eine externe Seite von Google Maps ge\u00f6ffnet. Google Maps Webseite! Kontaktformular Please leave this [...]","protected":false},"author":4,"featured_media":0,"parent":0,"menu_order":0,"comment_status":"closed","ping_status":"closed","template":"","meta":{"footnotes":""},"class_list":["post-168","page","type-page","status-publish","hentry"],"yoast_head":"<!-- This site is optimized with the Yoast SEO plugin v27.4 - https:\/\/yoast.com\/product\/yoast-seo-wordpress\/ -->\n<title>Kontakt - Kaplan Geb\u00e4udereinigung und Dienstleistungen<\/title>\n<meta name=\"robots\" content=\"index, follow, max-snippet:-1, max-image-preview:large, max-video-preview:-1\" \/>\n<link rel=\"canonical\" href=\"https:\/\/kaplan-dienstleistungen.de\/kontakt\/\" \/>\n<meta property=\"og:locale\" content=\"de_DE\" \/>\n<meta property=\"og:type\" content=\"article\" \/>\n<meta property=\"og:title\" content=\"Kontakt - Kaplan Geb\u00e4udereinigung und Dienstleistungen\" \/>\n<meta property=\"og:url\" content=\"https:\/\/kaplan-dienstleistungen.de\/kontakt\/\" \/>\n<meta property=\"og:site_name\" content=\"Kaplan Geb\u00e4udereinigung und Dienstleistungen\" \/>\n<meta property=\"article:modified_time\" content=\"2023-09-15T09:54:17+00:00\" \/>\n<meta name=\"twitter:card\" content=\"summary_large_image\" \/>\n<meta name=\"twitter:label1\" content=\"Gesch\u00e4tzte Lesezeit\" \/>\n\t<meta name=\"twitter:data1\" content=\"2\u00a0Minuten\" \/>\n<script type=\"application\/ld+json\" class=\"yoast-schema-graph\">{\"@context\":\"https:\\\/\\\/schema.org\",\"@graph\":[{\"@type\":\"WebPage\",\"@id\":\"https:\\\/\\\/kaplan-dienstleistungen.de\\\/kontakt\\\/\",\"url\":\"https:\\\/\\\/kaplan-dienstleistungen.de\\\/kontakt\\\/\",\"name\":\"Kontakt - Kaplan Geb\u00e4udereinigung und Dienstleistungen\",\"isPartOf\":{\"@id\":\"https:\\\/\\\/kaplan-dienstleistungen.de\\\/#website\"},\"datePublished\":\"2016-04-21T09:06:03+00:00\",\"dateModified\":\"2023-09-15T09:54:17+00:00\",\"breadcrumb\":{\"@id\":\"https:\\\/\\\/kaplan-dienstleistungen.de\\\/kontakt\\\/#breadcrumb\"},\"inLanguage\":\"de\",\"potentialAction\":[{\"@type\":\"ReadAction\",\"target\":[\"https:\\\/\\\/kaplan-dienstleistungen.de\\\/kontakt\\\/\"]}]},{\"@type\":\"BreadcrumbList\",\"@id\":\"https:\\\/\\\/kaplan-dienstleistungen.de\\\/kontakt\\\/#breadcrumb\",\"itemListElement\":[{\"@type\":\"ListItem\",\"position\":1,\"name\":\"Startseite\",\"item\":\"https:\\\/\\\/kaplan-dienstleistungen.de\\\/\"},{\"@type\":\"ListItem\",\"position\":2,\"name\":\"Kontakt\"}]},{\"@type\":\"WebSite\",\"@id\":\"https:\\\/\\\/kaplan-dienstleistungen.de\\\/#website\",\"url\":\"https:\\\/\\\/kaplan-dienstleistungen.de\\\/\",\"name\":\"Kaplan Geb\u00e4udereinigung und Dienstleistungen\",\"description\":\"Kaplan Reinigungsdienst\",\"potentialAction\":[{\"@type\":\"SearchAction\",\"target\":{\"@type\":\"EntryPoint\",\"urlTemplate\":\"https:\\\/\\\/kaplan-dienstleistungen.de\\\/?s={search_term_string}\"},\"query-input\":{\"@type\":\"PropertyValueSpecification\",\"valueRequired\":true,\"valueName\":\"search_term_string\"}}],\"inLanguage\":\"de\"}]}<\/script>\n<!-- \/ Yoast SEO plugin. -->","yoast_head_json":{"title":"Kontakt - Kaplan Geb\u00e4udereinigung und Dienstleistungen","robots":{"index":"index","follow":"follow","max-snippet":"max-snippet:-1","max-image-preview":"max-image-preview:large","max-video-preview":"max-video-preview:-1"},"canonical":"https:\/\/kaplan-dienstleistungen.de\/kontakt\/","og_locale":"de_DE","og_type":"article","og_title":"Kontakt - Kaplan Geb\u00e4udereinigung und Dienstleistungen","og_url":"https:\/\/kaplan-dienstleistungen.de\/kontakt\/","og_site_name":"Kaplan Geb\u00e4udereinigung und Dienstleistungen","article_modified_time":"2023-09-15T09:54:17+00:00","twitter_card":"summary_large_image","twitter_misc":{"Gesch\u00e4tzte Lesezeit":"2\u00a0Minuten"},"schema":{"@context":"https:\/\/schema.org","@graph":[{"@type":"WebPage","@id":"https:\/\/kaplan-dienstleistungen.de\/kontakt\/","url":"https:\/\/kaplan-dienstleistungen.de\/kontakt\/","name":"Kontakt - Kaplan Geb\u00e4udereinigung und Dienstleistungen","isPartOf":{"@id":"https:\/\/kaplan-dienstleistungen.de\/#website"},"datePublished":"2016-04-21T09:06:03+00:00","dateModified":"2023-09-15T09:54:17+00:00","breadcrumb":{"@id":"https:\/\/kaplan-dienstleistungen.de\/kontakt\/#breadcrumb"},"inLanguage":"de","potentialAction":[{"@type":"ReadAction","target":["https:\/\/kaplan-dienstleistungen.de\/kontakt\/"]}]},{"@type":"BreadcrumbList","@id":"https:\/\/kaplan-dienstleistungen.de\/kontakt\/#breadcrumb","itemListElement":[{"@type":"ListItem","position":1,"name":"Startseite","item":"https:\/\/kaplan-dienstleistungen.de\/"},{"@type":"ListItem","position":2,"name":"Kontakt"}]},{"@type":"WebSite","@id":"https:\/\/kaplan-dienstleistungen.de\/#website","url":"https:\/\/kaplan-dienstleistungen.de\/","name":"Kaplan Geb\u00e4udereinigung und Dienstleistungen","description":"Kaplan Reinigungsdienst","potentialAction":[{"@type":"SearchAction","target":{"@type":"EntryPoint","urlTemplate":"https:\/\/kaplan-dienstleistungen.de\/?s={search_term_string}"},"query-input":{"@type":"PropertyValueSpecification","valueRequired":true,"valueName":"search_term_string"}}],"inLanguage":"de"}]}},"_links":{"self":[{"href":"https:\/\/kaplan-dienstleistungen.de\/index.php?rest_route=\/wp\/v2\/pages\/168","targetHints":{"allow":["GET"]}}],"collection":[{"href":"https:\/\/kaplan-dienstleistungen.de\/index.php?rest_route=\/wp\/v2\/pages"}],"about":[{"href":"https:\/\/kaplan-dienstleistungen.de\/index.php?rest_route=\/wp\/v2\/types\/page"}],"author":[{"embeddable":true,"href":"https:\/\/kaplan-dienstleistungen.de\/index.php?rest_route=\/wp\/v2\/users\/4"}],"replies":[{"embeddable":true,"href":"https:\/\/kaplan-dienstleistungen.de\/index.php?rest_route=%2Fwp%2Fv2%2Fcomments&post=168"}],"version-history":[{"count":148,"href":"https:\/\/kaplan-dienstleistungen.de\/index.php?rest_route=\/wp\/v2\/pages\/168\/revisions"}],"predecessor-version":[{"id":4689,"href":"https:\/\/kaplan-dienstleistungen.de\/index.php?rest_route=\/wp\/v2\/pages\/168\/revisions\/4689"}],"wp:attachment":[{"href":"https:\/\/kaplan-dienstleistungen.de\/index.php?rest_route=%2Fwp%2Fv2%2Fmedia&parent=168"}],"curies":[{"name":"wp","href":"https:\/\/api.w.org\/{rel}","templated":true}]}}