{"id":2581,"date":"2017-05-12T22:46:37","date_gmt":"2017-05-12T20:46:37","guid":{"rendered":"https:\/\/kaplan-dienstleistungen.de\/?page_id=2581"},"modified":"2022-12-02T12:26:42","modified_gmt":"2022-12-02T11:26:42","slug":"stellenausschreibung","status":"publish","type":"page","link":"https:\/\/kaplan-dienstleistungen.de\/?page_id=2581","title":{"rendered":"Karriere"},"content":{"rendered":"<div data-vc-full-width=\"true\" data-vc-full-width-init=\"false\" data-vc-stretch-content=\"true\" class=\"vc_row wpb_row vc_row-fluid vc_custom_1528423230130 uranium_custom_6389e0f2a21e6 vc_custom_1528423230130 vc_custom_1528423230130 vc_custom_1528423230161 vc_custom_1528423230184 vc_custom_1528423230207\"><div class=\"wpb_column vc_column_container vc_col-sm-12\"><div class=\"vc_column-inner\"><div class=\"wpb_wrapper\">            <strong><\/strong><div class=\"uranium-heading default left   vc_custom_1552160452685 uranium_custom_6389e0f2a21e9 vc_custom_1552160452685 vc_custom_1552160452685 vc_custom_1552160452697 \">\r\n\t\t\t\t                    <h2 class=\"uranium-title\">\r\n\t\t\t\t\t\tWir suchen Verst\u00e4rkung!                    <\/h2>\r\n\t\t\t\t\t\t\t\t            <\/div>\r\n\t\t\t<\/div><\/div><\/div><\/div><div class=\"vc_row-full-width vc_clearfix\"><\/div><div class=\"vc_row wpb_row vc_row-fluid\"><div class=\"wpb_column vc_column_container vc_col-sm-12\"><div class=\"vc_column-inner\"><div class=\"wpb_wrapper\">            <strong><\/strong><div class=\"uranium-heading style1 center   vc_custom_1551989560241 uranium_custom_6389e0f2a21eb vc_custom_1551989560241 vc_custom_1551989560241 vc_custom_1551989560254 \">\r\n\t\t\t\t                    <h2 class=\"uranium-title\">\r\n\t\t\t\t\t\tStellenausschreibungen                    <\/h2>\r\n\t\t\t\t\t\t\t\t            <\/div>\r\n\t\t\t<p style=\"font-size: 18px;color: #999999;line-height: 40px;text-align: center\" class=\"vc_custom_heading uranium_custom_6389e0f2a21ed\" >Jetzt Bewerben!<\/p><\/div><\/div><\/div><\/div><div class=\"vc_row wpb_row vc_row-fluid\"><div class=\"wpb_column vc_column_container vc_col-sm-12\"><div class=\"vc_column-inner\"><div class=\"wpb_wrapper\"><div class=\"vc_tta-container\" data-vc-action=\"collapse\"><div class=\"vc_general vc_tta vc_tta-tabs vc_tta-color-grey vc_tta-style-classic vc_tta-shape-rounded vc_tta-spacing-1 vc_tta-tabs-position-top vc_tta-controls-align-left \"><div class=\"vc_tta-tabs-container\"><ul class=\"vc_tta-tabs-list\"><li class=\"vc_tta-tab vc_active\" data-vc-tab><a href=\"#1551989415967-d9375aec-38e9\" data-vc-tabs data-vc-container=\".vc_tta\"><span class=\"vc_tta-title-text\">Geringf\u00fcgig<\/span><\/a><\/li><li class=\"vc_tta-tab\" data-vc-tab><a href=\"#1551989415934-e6aea4b4-9f33\" data-vc-tabs data-vc-container=\".vc_tta\"><span class=\"vc_tta-title-text\">Vollzeit<\/span><\/a><\/li><\/ul><\/div><div class=\"vc_tta-panels-container\"><div class=\"vc_tta-panels\"><div class=\"vc_tta-panel vc_active\" id=\"1551989415967-d9375aec-38e9\" data-vc-content=\".vc_tta-panel-body\"><div class=\"vc_tta-panel-heading\"><h4 class=\"vc_tta-panel-title\"><a href=\"#1551989415967-d9375aec-38e9\" data-vc-accordion data-vc-container=\".vc_tta-container\"><span class=\"vc_tta-title-text\">Geringf\u00fcgig<\/span><\/a><\/h4><\/div><div class=\"vc_tta-panel-body\"><div class=\"vc_empty_space uranium_custom_6389e0f2a21f1\"   style=\"height: 32px\"><span class=\"vc_empty_space_inner\"><\/span><\/div>\n\t<div class=\"wpb_text_column wpb_content_element uranium_custom_6389e0f2a21f3 \" >\n\t\t<div class=\"wpb_wrapper\">\n\t\t\t<p>Stellenangebotsart:\u00a0 Geringf\u00fcgige Besch\u00e4ftigung<\/p>\n<p>Stellenbeschreibung: Zur Verst\u00e4rkung unseres Teams suchen wir zum n\u00e4chstm\u00f6glichen Zeitpunkt auf geringf\u00fcgiger Basis im Raum Burglengenfeld<\/p>\n<p><strong> Reinigungskr\u00e4fte (m\/w)\u00a0<\/strong><\/p>\n<p><strong>Aufgaben<\/strong><\/p>\n<p>&#8211; Allgemeine T\u00e4tigkeiten in der Unterhaltsreinigung<br \/>\n&#8211; Urlaubsvertretung<\/p>\n<p><strong>Ihr Profil::<\/strong><\/p>\n<p>&#8211; Erfahrung in der Geb\u00e4udereinigung<br \/>\n&#8211; Pkw und F\u00fchrerschein zum Erreichen des Arbeitsortes sind erforderlich<br \/>\n&#8211; Zuverl\u00e4ssigkeit und P\u00fcnktlichkeit<br \/>\n&#8211; saubere und selbstst\u00e4ndige Arbeitsweise<\/p>\n<p><strong>Was wir bieten:<\/strong><\/p>\n<p>&#8211; Tariflohn Geb\u00e4udereinigung<br \/>\n&#8211; eine angenehme Arbeitsatmosph\u00e4re<br \/>\n&#8211; Schulungen<br \/>\n&#8211; pers\u00f6nlicher Kontakt<\/p>\n<p><strong>Haben wir Ihr Interesse geweckt?<\/strong><\/p>\n<p>Dann bewerben Sie sich telefonisch unter der Tel. Nummer 09471 -9944036.<\/p>\n<p>Wir freuen uns auf Sie.<\/p>\n<p><strong>R\u00fcckfragen und Bewerbungen an:<\/strong><\/p>\n<p>Kaplan Geb\u00e4udereinigung &amp; Dienstleistungsservice<br \/>\nFrau \u00d6zlem Kaplan<br \/>\nOberer M\u00fchlweg 17<br \/>\n93133 Burglengenfeld<\/p>\n\n\t\t<\/div>\n\t<\/div>\n<div class=\"vc_empty_space uranium_custom_6389e0f2a21f5\"   style=\"height: 32px\"><span class=\"vc_empty_space_inner\"><\/span><\/div><\/div><\/div><div class=\"vc_tta-panel\" id=\"1551989415934-e6aea4b4-9f33\" data-vc-content=\".vc_tta-panel-body\"><div class=\"vc_tta-panel-heading\"><h4 class=\"vc_tta-panel-title\"><a href=\"#1551989415934-e6aea4b4-9f33\" data-vc-accordion data-vc-container=\".vc_tta-container\"><span class=\"vc_tta-title-text\">Vollzeit<\/span><\/a><\/h4><\/div><div class=\"vc_tta-panel-body\"><div class=\"vc_empty_space uranium_custom_6389e0f2a21f9\"   style=\"height: 32px\"><span class=\"vc_empty_space_inner\"><\/span><\/div>\n\t<div class=\"wpb_text_column wpb_content_element uranium_custom_6389e0f2a21fa \" >\n\t\t<div class=\"wpb_wrapper\">\n\t\t\t\n\t\t<\/div>\n\t<\/div>\n<div class=\"vc_empty_space uranium_custom_6389e0f2a21fc\"   style=\"height: 32px\"><span class=\"vc_empty_space_inner\"><\/span><\/div><\/div><\/div><\/div><\/div><\/div><\/div><\/div><\/div><\/div><\/div><div class=\"vc_row wpb_row vc_row-fluid\"><div class=\"wpb_column vc_column_container vc_col-sm-12\"><div class=\"vc_column-inner\"><div class=\"wpb_wrapper\"><\/div><\/div><\/div><\/div>\n","protected":false},"excerpt":{"rendered":"Wir suchen Verst\u00e4rkung! Stellenausschreibungen Jetzt Bewerben!Geringf\u00fcgigVollzeitGeringf\u00fcgig Stellenangebotsart:\u00a0 Geringf\u00fcgige Besch\u00e4ftigung Stellenbeschreibung: Zur Verst\u00e4rkung unseres Teams suchen wir zum n\u00e4chstm\u00f6glichen Zeitpunkt auf geringf\u00fcgiger Basis im Raum Burglengenfeld Reinigungskr\u00e4fte (m\/w)\u00a0 Aufgaben - Allgemeine T\u00e4tigkeiten in der Unterhaltsreinigung - Urlaubsvertretung Ihr Profil:: - Erfahrung in der Geb\u00e4udereinigung - Pkw und F\u00fchrerschein zum Erreichen des Arbeitsortes sind erforderlich - Zuverl\u00e4ssigkeit [...]","protected":false},"author":4,"featured_media":0,"parent":0,"menu_order":0,"comment_status":"closed","ping_status":"closed","template":"","meta":{"footnotes":""},"class_list":["post-2581","page","type-page","status-publish","hentry"],"yoast_head":"<!-- This site is optimized with the Yoast SEO plugin v27.4 - https:\/\/yoast.com\/product\/yoast-seo-wordpress\/ -->\n<title>Karriere - Kaplan Geb\u00e4udereinigung und Dienstleistungen<\/title>\n<meta name=\"robots\" content=\"index, follow, max-snippet:-1, max-image-preview:large, max-video-preview:-1\" \/>\n<link rel=\"canonical\" href=\"https:\/\/kaplan-dienstleistungen.de\/stellenausschreibung\/\" \/>\n<meta property=\"og:locale\" content=\"de_DE\" \/>\n<meta property=\"og:type\" content=\"article\" \/>\n<meta property=\"og:title\" content=\"Karriere - Kaplan Geb\u00e4udereinigung und Dienstleistungen\" \/>\n<meta property=\"og:url\" content=\"https:\/\/kaplan-dienstleistungen.de\/stellenausschreibung\/\" \/>\n<meta property=\"og:site_name\" content=\"Kaplan Geb\u00e4udereinigung und Dienstleistungen\" \/>\n<meta property=\"article:modified_time\" content=\"2022-12-02T11:26:42+00:00\" \/>\n<meta name=\"twitter:card\" content=\"summary_large_image\" \/>\n<meta name=\"twitter:label1\" content=\"Gesch\u00e4tzte Lesezeit\" \/>\n\t<meta name=\"twitter:data1\" content=\"2\u00a0Minuten\" \/>\n<script type=\"application\/ld+json\" class=\"yoast-schema-graph\">{\"@context\":\"https:\\\/\\\/schema.org\",\"@graph\":[{\"@type\":\"WebPage\",\"@id\":\"https:\\\/\\\/kaplan-dienstleistungen.de\\\/stellenausschreibung\\\/\",\"url\":\"https:\\\/\\\/kaplan-dienstleistungen.de\\\/stellenausschreibung\\\/\",\"name\":\"Karriere - Kaplan Geb\u00e4udereinigung und Dienstleistungen\",\"isPartOf\":{\"@id\":\"https:\\\/\\\/kaplan-dienstleistungen.de\\\/#website\"},\"datePublished\":\"2017-05-12T20:46:37+00:00\",\"dateModified\":\"2022-12-02T11:26:42+00:00\",\"breadcrumb\":{\"@id\":\"https:\\\/\\\/kaplan-dienstleistungen.de\\\/stellenausschreibung\\\/#breadcrumb\"},\"inLanguage\":\"de\",\"potentialAction\":[{\"@type\":\"ReadAction\",\"target\":[\"https:\\\/\\\/kaplan-dienstleistungen.de\\\/stellenausschreibung\\\/\"]}]},{\"@type\":\"BreadcrumbList\",\"@id\":\"https:\\\/\\\/kaplan-dienstleistungen.de\\\/stellenausschreibung\\\/#breadcrumb\",\"itemListElement\":[{\"@type\":\"ListItem\",\"position\":1,\"name\":\"Startseite\",\"item\":\"https:\\\/\\\/kaplan-dienstleistungen.de\\\/\"},{\"@type\":\"ListItem\",\"position\":2,\"name\":\"Karriere\"}]},{\"@type\":\"WebSite\",\"@id\":\"https:\\\/\\\/kaplan-dienstleistungen.de\\\/#website\",\"url\":\"https:\\\/\\\/kaplan-dienstleistungen.de\\\/\",\"name\":\"Kaplan Geb\u00e4udereinigung und Dienstleistungen\",\"description\":\"Kaplan Reinigungsdienst\",\"potentialAction\":[{\"@type\":\"SearchAction\",\"target\":{\"@type\":\"EntryPoint\",\"urlTemplate\":\"https:\\\/\\\/kaplan-dienstleistungen.de\\\/?s={search_term_string}\"},\"query-input\":{\"@type\":\"PropertyValueSpecification\",\"valueRequired\":true,\"valueName\":\"search_term_string\"}}],\"inLanguage\":\"de\"}]}<\/script>\n<!-- \/ Yoast SEO plugin. -->","yoast_head_json":{"title":"Karriere - Kaplan Geb\u00e4udereinigung und Dienstleistungen","robots":{"index":"index","follow":"follow","max-snippet":"max-snippet:-1","max-image-preview":"max-image-preview:large","max-video-preview":"max-video-preview:-1"},"canonical":"https:\/\/kaplan-dienstleistungen.de\/stellenausschreibung\/","og_locale":"de_DE","og_type":"article","og_title":"Karriere - Kaplan Geb\u00e4udereinigung und Dienstleistungen","og_url":"https:\/\/kaplan-dienstleistungen.de\/stellenausschreibung\/","og_site_name":"Kaplan Geb\u00e4udereinigung und Dienstleistungen","article_modified_time":"2022-12-02T11:26:42+00:00","twitter_card":"summary_large_image","twitter_misc":{"Gesch\u00e4tzte Lesezeit":"2\u00a0Minuten"},"schema":{"@context":"https:\/\/schema.org","@graph":[{"@type":"WebPage","@id":"https:\/\/kaplan-dienstleistungen.de\/stellenausschreibung\/","url":"https:\/\/kaplan-dienstleistungen.de\/stellenausschreibung\/","name":"Karriere - Kaplan Geb\u00e4udereinigung und Dienstleistungen","isPartOf":{"@id":"https:\/\/kaplan-dienstleistungen.de\/#website"},"datePublished":"2017-05-12T20:46:37+00:00","dateModified":"2022-12-02T11:26:42+00:00","breadcrumb":{"@id":"https:\/\/kaplan-dienstleistungen.de\/stellenausschreibung\/#breadcrumb"},"inLanguage":"de","potentialAction":[{"@type":"ReadAction","target":["https:\/\/kaplan-dienstleistungen.de\/stellenausschreibung\/"]}]},{"@type":"BreadcrumbList","@id":"https:\/\/kaplan-dienstleistungen.de\/stellenausschreibung\/#breadcrumb","itemListElement":[{"@type":"ListItem","position":1,"name":"Startseite","item":"https:\/\/kaplan-dienstleistungen.de\/"},{"@type":"ListItem","position":2,"name":"Karriere"}]},{"@type":"WebSite","@id":"https:\/\/kaplan-dienstleistungen.de\/#website","url":"https:\/\/kaplan-dienstleistungen.de\/","name":"Kaplan Geb\u00e4udereinigung und Dienstleistungen","description":"Kaplan Reinigungsdienst","potentialAction":[{"@type":"SearchAction","target":{"@type":"EntryPoint","urlTemplate":"https:\/\/kaplan-dienstleistungen.de\/?s={search_term_string}"},"query-input":{"@type":"PropertyValueSpecification","valueRequired":true,"valueName":"search_term_string"}}],"inLanguage":"de"}]}},"_links":{"self":[{"href":"https:\/\/kaplan-dienstleistungen.de\/index.php?rest_route=\/wp\/v2\/pages\/2581","targetHints":{"allow":["GET"]}}],"collection":[{"href":"https:\/\/kaplan-dienstleistungen.de\/index.php?rest_route=\/wp\/v2\/pages"}],"about":[{"href":"https:\/\/kaplan-dienstleistungen.de\/index.php?rest_route=\/wp\/v2\/types\/page"}],"author":[{"embeddable":true,"href":"https:\/\/kaplan-dienstleistungen.de\/index.php?rest_route=\/wp\/v2\/users\/4"}],"replies":[{"embeddable":true,"href":"https:\/\/kaplan-dienstleistungen.de\/index.php?rest_route=%2Fwp%2Fv2%2Fcomments&post=2581"}],"version-history":[{"count":43,"href":"https:\/\/kaplan-dienstleistungen.de\/index.php?rest_route=\/wp\/v2\/pages\/2581\/revisions"}],"predecessor-version":[{"id":4679,"href":"https:\/\/kaplan-dienstleistungen.de\/index.php?rest_route=\/wp\/v2\/pages\/2581\/revisions\/4679"}],"wp:attachment":[{"href":"https:\/\/kaplan-dienstleistungen.de\/index.php?rest_route=%2Fwp%2Fv2%2Fmedia&parent=2581"}],"curies":[{"name":"wp","href":"https:\/\/api.w.org\/{rel}","templated":true}]}}