{"id":3088,"date":"2018-05-19T02:32:06","date_gmt":"2018-05-19T02:32:06","guid":{"rendered":"http:\/\/uranium.famithemes.com\/?page_id=2"},"modified":"2021-02-24T11:48:14","modified_gmt":"2021-02-24T10:48:14","slug":"home-1","status":"publish","type":"page","link":"https:\/\/kaplan-dienstleistungen.de\/","title":{"rendered":"Home"},"content":{"rendered":"<div data-vc-full-width=\"true\" data-vc-full-width-init=\"false\" data-vc-stretch-content=\"true\" class=\"vc_row wpb_row vc_row-fluid vc_row-no-padding uranium_custom_60362eeeeff6b\"><div class=\"wpb_column vc_column_container vc_col-sm-12\"><div class=\"vc_column-inner\"><div class=\"wpb_wrapper\"><div class=\"wpb_revslider_element wpb_content_element uranium_custom_60362eeeeff6d \">\n\t\t\t<!-- START slider2 REVOLUTION SLIDER 6.2.22 --><p class=\"rs-p-wp-fix\"><\/p>\n\t\t\t<rs-module-wrap id=\"rev_slider_14_1_wrapper\" data-source=\"gallery\" style=\"background:transparent;padding:0;margin:0px auto;margin-top:0;margin-bottom:0;\">\n\t\t\t\t<rs-module id=\"rev_slider_14_1\" style=\"\" data-version=\"6.2.22\">\n\t\t\t\t\t<rs-slides>\n\t\t\t\t\t\t<rs-slide data-key=\"rs-45\" data-title=\"Slide\" data-anim=\"ei:d;eo:d;s:600;r:0;t:fade;sl:d;\">\n\t\t\t\t\t\t\t<img decoding=\"async\" src=\"\/\/kaplan-dienstleistungen.de\/wp-content\/uploads\/2020\/08\/kaplan-slider-5.jpg\" title=\"Home\" class=\"rev-slidebg\" data-no-retina>\n<!--\n\t\t\t\t\t\t\t--><rs-layer\n\t\t\t\t\t\t\t\tid=\"slider-14-slide-45-layer-1\" \n\t\t\t\t\t\t\t\tclass=\"News-Title\"\n\t\t\t\t\t\t\t\tdata-type=\"text\"\n\t\t\t\t\t\t\t\tdata-rsp_ch=\"on\"\n\t\t\t\t\t\t\t\tdata-xy=\"x:c;y:m;yo:0,0,0,-42px;\"\n\t\t\t\t\t\t\t\tdata-text=\"s:70,70,70,50;l:80,80,80,50;ls:2px;a:center;\"\n\t\t\t\t\t\t\t\tdata-frame_999=\"o:0;st:w;sR:8700;\"\n\t\t\t\t\t\t\t\tstyle=\"z-index:6;font-family:Roboto Slab;\"\n\t\t\t\t\t\t\t>Ihr Spezialist <br> f\u00fcr Baureinigung \n\t\t\t\t\t\t\t<\/rs-layer><!--\n\n\t\t\t\t\t\t\t--><a\n\t\t\t\t\t\t\t\tid=\"slider-14-slide-45-layer-3\" \n\t\t\t\t\t\t\t\tclass=\"rs-layer rev-btn\"\n\t\t\t\t\t\t\t\thref=\"\/kontakt\/\" target=\"_self\" rel=\"nofollow\"\n\t\t\t\t\t\t\t\tdata-type=\"button\"\n\t\t\t\t\t\t\t\tdata-rsp_ch=\"on\"\n\t\t\t\t\t\t\t\tdata-xy=\"x:c;yo:570px,509px,606px,423px;\"\n\t\t\t\t\t\t\t\tdata-text=\"w:normal;s:22,18,20,18;l:60,49,60,50;fw:500;\"\n\t\t\t\t\t\t\t\tdata-dim=\"minh:0px,none,none,none;\"\n\t\t\t\t\t\t\t\tdata-padding=\"r:25,21,16,10;l:25,21,16,10;\"\n\t\t\t\t\t\t\t\tdata-border=\"bos:solid;boc:#ff0000;bow:1px,1px,1px,1px;\"\n\t\t\t\t\t\t\t\tdata-frame_999=\"o:0;st:w;\"\n\t\t\t\t\t\t\t\tdata-frame_hover=\"c:#fff;bgc:#000;boc:#000;bor:0px,0px,0px,0px;bos:solid;bow:1px,1px,1px,1px;e:power1.inOut;\"\n\t\t\t\t\t\t\t\tstyle=\"z-index:7;background-color:#ff0000;font-family:Roboto Slab;\"\n\t\t\t\t\t\t\t>Jetzt Kontakt aufnehmen! \n\t\t\t\t\t\t\t<\/a><!--\n-->\t\t\t\t\t\t<\/rs-slide>\n\t\t\t\t\t<\/rs-slides>\n\t\t\t\t<\/rs-module>\n\t\t\t\t<script type=\"text\/javascript\">\n\t\t\t\t\tsetREVStartSize({c: 'rev_slider_14_1',rl:[1240,1024,778,480],el:[568,768,960,720],gw:[1240,1024,778,480],gh:[568,468,760,720],type:'standard',justify:'',layout:'fullwidth',mh:\"0\"});\n\t\t\t\t\tvar\trevapi14,\n\t\t\t\t\t\ttpj;\n\t\t\t\t\tfunction revinit_revslider141() {\n\t\t\t\t\tjQuery(function() {\n\t\t\t\t\t\ttpj = jQuery;\n\t\t\t\t\t\trevapi14 = tpj(\"#rev_slider_14_1\");\n\t\t\t\t\t\tif(revapi14==undefined || revapi14.revolution == undefined){\n\t\t\t\t\t\t\trevslider_showDoubleJqueryError(\"rev_slider_14_1\");\n\t\t\t\t\t\t}else{\n\t\t\t\t\t\t\trevapi14.revolution({\n\t\t\t\t\t\t\t\tsliderLayout:\"fullwidth\",\n\t\t\t\t\t\t\t\tvisibilityLevels:\"1240,1024,778,480\",\n\t\t\t\t\t\t\t\tgridwidth:\"1240,1024,778,480\",\n\t\t\t\t\t\t\t\tgridheight:\"568,468,760,720\",\n\t\t\t\t\t\t\t\tspinner:\"spinner0\",\n\t\t\t\t\t\t\t\tperspective:600,\n\t\t\t\t\t\t\t\tperspectiveType:\"local\",\n\t\t\t\t\t\t\t\teditorheight:\"568,768,960,720\",\n\t\t\t\t\t\t\t\tresponsiveLevels:\"1240,1024,778,480\",\n\t\t\t\t\t\t\t\tprogressBar:{disableProgressBar:true},\n\t\t\t\t\t\t\t\tnavigation: {\n\t\t\t\t\t\t\t\t\tonHoverStop:false\n\t\t\t\t\t\t\t\t},\n\t\t\t\t\t\t\t\tfallbacks: {\n\t\t\t\t\t\t\t\t\tallowHTML5AutoPlayOnAndroid:true\n\t\t\t\t\t\t\t\t},\n\t\t\t\t\t\t\t});\n\t\t\t\t\t\t}\n\t\t\t\t\t\t\n\t\t\t\t\t});\n\t\t\t\t\t} \/\/ End of RevInitScript\n\t\t\t\tvar once_revslider141 = false;\n\t\t\t\tif (document.readyState === \"loading\") {document.addEventListener('readystatechange',function() { if((document.readyState === \"interactive\" || document.readyState === \"complete\") && !once_revslider141 ) { once_revslider141 = true; revinit_revslider141();}});} else {once_revslider141 = true; revinit_revslider141();}\n\t\t\t\t<\/script>\n\t\t\t<\/rs-module-wrap>\n\t\t\t<!-- END REVOLUTION SLIDER -->\n<\/div><\/div><\/div><\/div><\/div><div class=\"vc_row-full-width vc_clearfix\"><\/div><div data-vc-full-width=\"true\" data-vc-full-width-init=\"false\" data-vc-stretch-content=\"true\" class=\"vc_row wpb_row vc_row-fluid vc_row-no-padding uranium_custom_60362eeeeff6f vc_custom_1598362986207 vc_custom_1598362986210 vc_custom_1598362986216\"><div class=\"wpb_column vc_column_container vc_col-sm-12 vc_col-has-fill uranium_custom_60362eeeeff71 vc_custom_1552311786540 vc_custom_1552311786540 vc_custom_1552311786549 vc_custom_1552311786556 vc_custom_1552311786570\"><div class=\"vc_column-inner vc_custom_1552311786540\"><div class=\"wpb_wrapper\"><div class=\"vc_row wpb_row vc_inner vc_row-fluid\"><div class=\"wpb_column vc_column_container vc_col-sm-9 uranium_custom_60362eeeeff72 vc_custom_1552311853852 vc_custom_1552311853852 vc_custom_1552311853870 vc_custom_1552311853887\"><div class=\"vc_column-inner vc_custom_1552311853852\"><div class=\"wpb_wrapper\">            <strong><\/strong><div class=\"uranium-heading default left   vc_custom_1552218863623 uranium_custom_60362eeeeff74 vc_custom_1552218863623 vc_custom_1552218863623 vc_custom_1552218863663 \">\r\n\t\t\t\t                    <h2 class=\"uranium-title\">\r\n\t\t\t\t\t\tWir setzen Ziele!                    <\/h2>\r\n\t\t\t\t\t\t\t\t            <\/div>\r\n\t\t\t<div style=\"font-size: 18px;line-height: 40px;text-align: left\" class=\"vc_custom_heading vc_custom_1614163510291 uranium_custom_60362eeeeff76 vc_custom_1614163510291 vc_custom_1614163510291 vc_custom_1614163510314 vc_custom_1614163510337\" ><strong>Herzlich Willkommen!<\/strong><br \/>\nWir freuen uns, Sie auf unserer Webseite begr\u00fc\u00dfen zu d\u00fcrfen.<br \/>\nBei uns finden Sie spezielle Dienstleistungen im Bereich der Geb\u00e4udereinigung, Landschaftspflege und Hausmeisterservice.<br \/>\nDazu geh\u00f6ren Grund- und Unterhaltsreinigungen, Glas- und Fensterreinigungen, Industriereinigungen, Solaranlagenreinigungen, Winterdienst, Gr\u00fcnanlagenpflege u.v.m<\/div><\/div><\/div><\/div><div class=\"wpb_column vc_column_container vc_col-sm-3 uranium_custom_60362eeeeff78 vc_custom_1528445005268 vc_custom_1528445005310\"><div class=\"vc_column-inner\"><div class=\"wpb_wrapper\">            <div class=\"uranium-slide  rows-space-0  uranium_custom_60362eeeeff79 \">\r\n\t\t\t\t                <div class=\"owl-slick \"  data-slick = {&quot;arrows&quot;:true,&quot;slidesMargin&quot;:30,&quot;dots&quot;:false,&quot;infinite&quot;:false,&quot;speed&quot;:300,&quot;slidesToShow&quot;:1,&quot;rows&quot;:1} data-responsive = [{&quot;breakpoint&quot;:480,&quot;settings&quot;:{&quot;slidesToShow&quot;:1}},{&quot;breakpoint&quot;:768,&quot;settings&quot;:{&quot;slidesToShow&quot;:2}},{&quot;breakpoint&quot;:992,&quot;settings&quot;:{&quot;slidesToShow&quot;:1}},{&quot;breakpoint&quot;:1200,&quot;settings&quot;:{&quot;slidesToShow&quot;:1}},{&quot;breakpoint&quot;:1500,&quot;settings&quot;:{&quot;slidesToShow&quot;:1}}] >\r\n\t\t\t\t\t\r\n\t<div  class=\"wpb_single_image wpb_content_element vc_align_center uranium_custom_60362eeeeff7b\">\r\n\t\t\r\n\t\t<figure class=\"wpb_wrapper vc_figure\">\r\n\t\t\t<div class=\"vc_single_image-wrapper   vc_box_border_grey\"><figure><img loading=\"lazy\" decoding=\"async\" width=\"552\" height=\"578\" src=\"data:image\/svg+xml;charset=utf-8,%3Csvg%20xmlns%3D%27http%3A%2F%2Fwww.w3.org%2F2000%2Fsvg%27%20viewBox%3D%270%200%20552%20578%27%2F%3E\" class=\"vc_single_image-img attachment-full lazy\" alt=\"unterhaltsreinigung kaplan\" data-src=\"https:\/\/kaplan-dienstleistungen.de\/wp-content\/uploads\/2019\/03\/unterhaltsreinigung2.jpg\" data-srcset=\"https:\/\/kaplan-dienstleistungen.de\/wp-content\/uploads\/2019\/03\/unterhaltsreinigung2.jpg 552w, https:\/\/kaplan-dienstleistungen.de\/wp-content\/uploads\/2019\/03\/unterhaltsreinigung2-287x300.jpg 287w\" data-sizes=\"(max-width: 552px) 100vw, 552px\" \/><\/figure><\/div>\r\n\t\t<\/figure>\r\n\t<\/div>\r\n\r\n\t<div  class=\"wpb_single_image wpb_content_element vc_align_center uranium_custom_60362eeeeff7d\">\r\n\t\t\r\n\t\t<figure class=\"wpb_wrapper vc_figure\">\r\n\t\t\t<div class=\"vc_single_image-wrapper   vc_box_border_grey\"><figure><img loading=\"lazy\" decoding=\"async\" width=\"552\" height=\"578\" src=\"data:image\/svg+xml;charset=utf-8,%3Csvg%20xmlns%3D%27http%3A%2F%2Fwww.w3.org%2F2000%2Fsvg%27%20viewBox%3D%270%200%20552%20578%27%2F%3E\" class=\"vc_single_image-img attachment-full lazy\" alt=\"grundreinigung kaplan schwandorf\" data-src=\"https:\/\/kaplan-dienstleistungen.de\/wp-content\/uploads\/2019\/03\/grundreinigung2.jpg\" data-srcset=\"https:\/\/kaplan-dienstleistungen.de\/wp-content\/uploads\/2019\/03\/grundreinigung2.jpg 552w, https:\/\/kaplan-dienstleistungen.de\/wp-content\/uploads\/2019\/03\/grundreinigung2-287x300.jpg 287w\" data-sizes=\"(max-width: 552px) 100vw, 552px\" \/><\/figure><\/div>\r\n\t\t<\/figure>\r\n\t<\/div>\r\n                <\/div>\r\n            <\/div>\r\n\t\t\t<\/div><\/div><\/div><\/div><\/div><\/div><\/div><\/div><div class=\"vc_row-full-width vc_clearfix\"><\/div><div class=\"vc_row wpb_row vc_row-fluid vc_custom_1598507901484 uranium_custom_60362eeeeff7e vc_custom_1598507901484 vc_custom_1598507901484\"><div class=\"wpb_column vc_column_container vc_col-sm-12\"><div class=\"vc_column-inner\"><div class=\"wpb_wrapper\">            <strong><\/strong><div class=\"uranium-heading style1 center   vc_custom_1598507868807 uranium_custom_60362eeeeff80 vc_custom_1598507868807 vc_custom_1598507868807 vc_custom_1598507868812 \">\r\n\t\t\t\t                    <h2 class=\"uranium-title\">\r\n\t\t\t\t\t\tUnsere<br \/>\nLeistungen                    <\/h2>\r\n\t\t\t\t\t\t\t\t            <\/div>\r\n\t\t\t<\/div><\/div><\/div><\/div><div data-vc-full-width=\"true\" data-vc-full-width-init=\"false\" class=\"vc_row wpb_row vc_row-fluid vc_custom_1598450058768 vc_row-o-content-middle vc_row-flex uranium_custom_60362eeeeff82 vc_custom_1598450058768 vc_custom_1598450058768\"><div class=\"wpb_column vc_column_container vc_col-sm-3\"><div class=\"vc_column-inner\"><div class=\"wpb_wrapper\"><h3 style=\"font-size: 18px;text-align: left\" class=\"vc_custom_heading h3ueberschrift uranium_custom_60362eeeeff83\" >Baureinigung<\/h3>\n<div class=\"vc_grid-container-wrapper vc_clearfix\">\n\t<div class=\"vc_grid-container vc_clearfix wpb_content_element vc_media_grid uranium_custom_60362eeeeff85 \" data-initial-loading-animation=\"fadeIn\" data-vc-grid-settings=\"{&quot;page_id&quot;:3088,&quot;style&quot;:&quot;all&quot;,&quot;action&quot;:&quot;vc_get_vc_grid_data&quot;,&quot;shortcode_id&quot;:&quot;1614163660281-e583692e-5842-10&quot;,&quot;tag&quot;:&quot;vc_media_grid&quot;}\" data-vc-request=\"https:\/\/kaplan-dienstleistungen.de\/wp-admin\/admin-ajax.php\" data-vc-post-id=\"3088\" data-vc-public-nonce=\"93a0cbc350\">\n\t\t\n\t<\/div>\n<\/div><div class=\"vc_empty_space uranium_custom_60362eeeeff86\"   style=\"height: 20px\"><span class=\"vc_empty_space_inner\"><\/span><\/div><\/div><\/div><\/div><div class=\"wpb_column vc_column_container vc_col-sm-3\"><div class=\"vc_column-inner\"><div class=\"wpb_wrapper\"><h3 style=\"font-size: 18px;text-align: left\" class=\"vc_custom_heading h3ueberschrift uranium_custom_60362eeeeff88\" >Geb\u00e4udereinigung<\/h3>\n<div class=\"vc_grid-container-wrapper vc_clearfix\">\n\t<div class=\"vc_grid-container vc_clearfix wpb_content_element vc_media_grid uranium_custom_60362eeeeff8a \" data-initial-loading-animation=\"fadeIn\" data-vc-grid-settings=\"{&quot;page_id&quot;:3088,&quot;style&quot;:&quot;all&quot;,&quot;action&quot;:&quot;vc_get_vc_grid_data&quot;,&quot;shortcode_id&quot;:&quot;1614163660299-cf980465-70d6-0&quot;,&quot;tag&quot;:&quot;vc_media_grid&quot;}\" data-vc-request=\"https:\/\/kaplan-dienstleistungen.de\/wp-admin\/admin-ajax.php\" data-vc-post-id=\"3088\" data-vc-public-nonce=\"93a0cbc350\">\n\t\t\n\t<\/div>\n<\/div><div class=\"vc_empty_space uranium_custom_60362eeeeff8b\"   style=\"height: 20px\"><span class=\"vc_empty_space_inner\"><\/span><\/div><\/div><\/div><\/div><div class=\"wpb_column vc_column_container vc_col-sm-3\"><div class=\"vc_column-inner\"><div class=\"wpb_wrapper\"><h3 style=\"font-size: 18px;text-align: left\" class=\"vc_custom_heading h3ueberschrift uranium_custom_60362eeeeff8d\" >Glas-\/ Fensterreinigung<\/h3>\n<div class=\"vc_grid-container-wrapper vc_clearfix\">\n\t<div class=\"vc_grid-container vc_clearfix wpb_content_element vc_media_grid uranium_custom_60362eeeeff8f \" data-initial-loading-animation=\"fadeIn\" data-vc-grid-settings=\"{&quot;page_id&quot;:3088,&quot;style&quot;:&quot;all&quot;,&quot;action&quot;:&quot;vc_get_vc_grid_data&quot;,&quot;shortcode_id&quot;:&quot;1614163660306-2c847fc4-956c-6&quot;,&quot;tag&quot;:&quot;vc_media_grid&quot;}\" data-vc-request=\"https:\/\/kaplan-dienstleistungen.de\/wp-admin\/admin-ajax.php\" data-vc-post-id=\"3088\" data-vc-public-nonce=\"93a0cbc350\">\n\t\t\n\t<\/div>\n<\/div><div class=\"vc_empty_space uranium_custom_60362eeeeff90\"   style=\"height: 20px\"><span class=\"vc_empty_space_inner\"><\/span><\/div><\/div><\/div><\/div><div class=\"wpb_column vc_column_container vc_col-sm-3\"><div class=\"vc_column-inner\"><div class=\"wpb_wrapper\"><h3 style=\"font-size: 18px;text-align: left\" class=\"vc_custom_heading h3ueberschrift uranium_custom_60362eeeeff92\" >Hausmeisterservice<\/h3>\n<div class=\"vc_grid-container-wrapper vc_clearfix\">\n\t<div class=\"vc_grid-container vc_clearfix wpb_content_element vc_media_grid uranium_custom_60362eeeeff93 \" data-initial-loading-animation=\"fadeIn\" data-vc-grid-settings=\"{&quot;page_id&quot;:3088,&quot;style&quot;:&quot;all&quot;,&quot;action&quot;:&quot;vc_get_vc_grid_data&quot;,&quot;shortcode_id&quot;:&quot;1614163660315-e961edd8-a507-7&quot;,&quot;tag&quot;:&quot;vc_media_grid&quot;}\" data-vc-request=\"https:\/\/kaplan-dienstleistungen.de\/wp-admin\/admin-ajax.php\" data-vc-post-id=\"3088\" data-vc-public-nonce=\"93a0cbc350\">\n\t\t\n\t<\/div>\n<\/div><div class=\"vc_empty_space uranium_custom_60362eeeeff95\"   style=\"height: 20px\"><span class=\"vc_empty_space_inner\"><\/span><\/div><\/div><\/div><\/div><\/div><div class=\"vc_row-full-width vc_clearfix\"><\/div><div data-vc-full-width=\"true\" data-vc-full-width-init=\"false\" class=\"vc_row wpb_row vc_row-fluid over-index vc_custom_1552143916775 uranium_custom_60362eeeeff97 vc_custom_1552143916775 vc_custom_1552143916775\"><div class=\"wpb_column vc_column_container vc_col-sm-12\"><div class=\"vc_column-inner\"><div class=\"wpb_wrapper\">            <div class=\"uranium-call_to_action default   vc_custom_1614163682446 uranium_custom_60362eeeeff98 vc_custom_1614163682446 vc_custom_1614163682446 \">\r\n\t\t\t\t\t\t\t\t\t\t\t\t                    <div class=\"desc\">\r\n\t\t\t\t\t\tWir reinigen Ihr Objekt gr\u00fcndlich!                    <\/div>\r\n\t\t\t\t\t\t\t\t\t\t\t\t\t                    <div class=\"uranium-button style2\">\r\n                        <a href=\"\/kontakt\/\"\r\n                           target=\" _blank\">\r\n                            <span class=\"text\">Kontaktieren Sie uns!<\/span>\r\n                            <span class=\"custom-arrow\"><\/span>\r\n                        <\/a>\r\n                    <\/div>\r\n\t\t\t\t\t\t\t\t            <\/div>\r\n\t\t\t<\/div><\/div><\/div><\/div><div class=\"vc_row-full-width vc_clearfix\"><\/div><div data-vc-full-width=\"true\" data-vc-full-width-init=\"false\" data-vc-stretch-content=\"true\" class=\"vc_row wpb_row vc_row-fluid vc_custom_1527839285844 uranium_custom_60362eeeeff9a vc_custom_1527839285844 vc_custom_1527839285844 vc_custom_1527839285864 vc_custom_1527839285881 vc_custom_1527839285898\"><div class=\"wpb_column vc_column_container vc_col-sm-12 vc_col-has-fill uranium_custom_60362eeeeff9c vc_custom_1527835799085 vc_custom_1527835799085 vc_custom_1527835799143\"><div class=\"vc_column-inner vc_custom_1527835799085\"><div class=\"wpb_wrapper\"><\/div><\/div><\/div><\/div><div class=\"vc_row-full-width vc_clearfix\"><\/div>\n","protected":false},"excerpt":{"rendered":"Ihr Spezialist f\u00fcr Baureinigung Jetzt Kontakt aufnehmen! Wir setzen Ziele! Herzlich Willkommen! Wir freuen uns, Sie auf unserer Webseite begr\u00fc\u00dfen zu d\u00fcrfen. Bei uns finden Sie spezielle Dienstleistungen im Bereich der Geb\u00e4udereinigung, Landschaftspflege und Hausmeisterservice. Dazu geh\u00f6ren Grund- und Unterhaltsreinigungen, Glas- und Fensterreinigungen, Industriereinigungen, Solaranlagenreinigungen, Winterdienst, Gr\u00fcnanlagenpflege u.v.m Unsere Leistungen Baureinigung Geb\u00e4udereinigung Glas-\/ Fensterreinigung Hausmeisterservice [...]","protected":false},"author":4,"featured_media":4066,"parent":0,"menu_order":0,"comment_status":"closed","ping_status":"closed","template":"templates\/fullwidth.php","meta":{"footnotes":""},"class_list":["post-3088","page","type-page","status-publish","has-post-thumbnail","hentry"],"yoast_head":"<!-- This site is optimized with the Yoast SEO plugin v27.4 - https:\/\/yoast.com\/product\/yoast-seo-wordpress\/ -->\n<title>KAPLAN Geb\u00e4udereinigung | Wir reinigen gr\u00fcndlich<\/title>\n<meta name=\"description\" content=\"Kaplan Geb\u00e4udereinigung in Schwandorf, Burglengenfeld, Regensburg. Reinigungsdienst im Bereich Fenster, Glas, Industrie, Grund-\/ Unterhaltsreinigung.\" \/>\n<meta name=\"robots\" content=\"index, follow, max-snippet:-1, max-image-preview:large, max-video-preview:-1\" \/>\n<link rel=\"canonical\" href=\"https:\/\/kaplan-dienstleistungen.de\/\" \/>\n<meta property=\"og:locale\" content=\"de_DE\" \/>\n<meta property=\"og:type\" content=\"article\" \/>\n<meta property=\"og:title\" content=\"KAPLAN Geb\u00e4udereinigung | Wir reinigen gr\u00fcndlich\" \/>\n<meta property=\"og:description\" content=\"Kaplan Geb\u00e4udereinigung in Schwandorf, Burglengenfeld, Regensburg. Reinigungsdienst im Bereich Fenster, Glas, Industrie, Grund-\/ Unterhaltsreinigung.\" \/>\n<meta property=\"og:url\" content=\"https:\/\/kaplan-dienstleistungen.de\/\" \/>\n<meta property=\"og:site_name\" content=\"Kaplan Geb\u00e4udereinigung und Dienstleistungen\" \/>\n<meta property=\"article:modified_time\" content=\"2021-02-24T10:48:14+00:00\" \/>\n<meta property=\"og:image\" content=\"https:\/\/kaplan-dienstleistungen.de\/wp-content\/uploads\/2019\/03\/baureinigung-slider3.jpg\" \/>\n\t<meta property=\"og:image:width\" content=\"1920\" \/>\n\t<meta property=\"og:image:height\" content=\"867\" \/>\n\t<meta property=\"og:image:type\" content=\"image\/jpeg\" \/>\n<meta name=\"twitter:card\" content=\"summary_large_image\" \/>\n<meta name=\"twitter:label1\" content=\"Gesch\u00e4tzte Lesezeit\" \/>\n\t<meta name=\"twitter:data1\" content=\"5\u00a0Minuten\" \/>\n<script type=\"application\/ld+json\" class=\"yoast-schema-graph\">{\"@context\":\"https:\\\/\\\/schema.org\",\"@graph\":[{\"@type\":\"WebPage\",\"@id\":\"https:\\\/\\\/kaplan-dienstleistungen.de\\\/\",\"url\":\"https:\\\/\\\/kaplan-dienstleistungen.de\\\/\",\"name\":\"KAPLAN Geb\u00e4udereinigung | Wir reinigen gr\u00fcndlich\",\"isPartOf\":{\"@id\":\"https:\\\/\\\/kaplan-dienstleistungen.de\\\/#website\"},\"primaryImageOfPage\":{\"@id\":\"https:\\\/\\\/kaplan-dienstleistungen.de\\\/#primaryimage\"},\"image\":{\"@id\":\"https:\\\/\\\/kaplan-dienstleistungen.de\\\/#primaryimage\"},\"thumbnailUrl\":\"https:\\\/\\\/kaplan-dienstleistungen.de\\\/wp-content\\\/uploads\\\/2019\\\/03\\\/baureinigung-slider3.jpg\",\"datePublished\":\"2018-05-19T02:32:06+00:00\",\"dateModified\":\"2021-02-24T10:48:14+00:00\",\"description\":\"Kaplan Geb\u00e4udereinigung in Schwandorf, Burglengenfeld, Regensburg. Reinigungsdienst im Bereich Fenster, Glas, Industrie, Grund-\\\/ Unterhaltsreinigung.\",\"breadcrumb\":{\"@id\":\"https:\\\/\\\/kaplan-dienstleistungen.de\\\/#breadcrumb\"},\"inLanguage\":\"de\",\"potentialAction\":[{\"@type\":\"ReadAction\",\"target\":[\"https:\\\/\\\/kaplan-dienstleistungen.de\\\/\"]}]},{\"@type\":\"ImageObject\",\"inLanguage\":\"de\",\"@id\":\"https:\\\/\\\/kaplan-dienstleistungen.de\\\/#primaryimage\",\"url\":\"https:\\\/\\\/kaplan-dienstleistungen.de\\\/wp-content\\\/uploads\\\/2019\\\/03\\\/baureinigung-slider3.jpg\",\"contentUrl\":\"https:\\\/\\\/kaplan-dienstleistungen.de\\\/wp-content\\\/uploads\\\/2019\\\/03\\\/baureinigung-slider3.jpg\",\"width\":1920,\"height\":867,\"caption\":\"baureinigung-slider3\"},{\"@type\":\"BreadcrumbList\",\"@id\":\"https:\\\/\\\/kaplan-dienstleistungen.de\\\/#breadcrumb\",\"itemListElement\":[{\"@type\":\"ListItem\",\"position\":1,\"name\":\"Startseite\",\"item\":\"https:\\\/\\\/kaplan-dienstleistungen.de\\\/\"},{\"@type\":\"ListItem\",\"position\":2,\"name\":\"Home\"}]},{\"@type\":\"WebSite\",\"@id\":\"https:\\\/\\\/kaplan-dienstleistungen.de\\\/#website\",\"url\":\"https:\\\/\\\/kaplan-dienstleistungen.de\\\/\",\"name\":\"Kaplan Geb\u00e4udereinigung und Dienstleistungen\",\"description\":\"Kaplan Reinigungsdienst\",\"potentialAction\":[{\"@type\":\"SearchAction\",\"target\":{\"@type\":\"EntryPoint\",\"urlTemplate\":\"https:\\\/\\\/kaplan-dienstleistungen.de\\\/?s={search_term_string}\"},\"query-input\":{\"@type\":\"PropertyValueSpecification\",\"valueRequired\":true,\"valueName\":\"search_term_string\"}}],\"inLanguage\":\"de\"}]}<\/script>\n<!-- \/ Yoast SEO plugin. -->","yoast_head_json":{"title":"KAPLAN Geb\u00e4udereinigung | Wir reinigen gr\u00fcndlich","description":"Kaplan Geb\u00e4udereinigung in Schwandorf, Burglengenfeld, Regensburg. Reinigungsdienst im Bereich Fenster, Glas, Industrie, Grund-\/ Unterhaltsreinigung.","robots":{"index":"index","follow":"follow","max-snippet":"max-snippet:-1","max-image-preview":"max-image-preview:large","max-video-preview":"max-video-preview:-1"},"canonical":"https:\/\/kaplan-dienstleistungen.de\/","og_locale":"de_DE","og_type":"article","og_title":"KAPLAN Geb\u00e4udereinigung | Wir reinigen gr\u00fcndlich","og_description":"Kaplan Geb\u00e4udereinigung in Schwandorf, Burglengenfeld, Regensburg. Reinigungsdienst im Bereich Fenster, Glas, Industrie, Grund-\/ Unterhaltsreinigung.","og_url":"https:\/\/kaplan-dienstleistungen.de\/","og_site_name":"Kaplan Geb\u00e4udereinigung und Dienstleistungen","article_modified_time":"2021-02-24T10:48:14+00:00","og_image":[{"width":1920,"height":867,"url":"https:\/\/kaplan-dienstleistungen.de\/wp-content\/uploads\/2019\/03\/baureinigung-slider3.jpg","type":"image\/jpeg"}],"twitter_card":"summary_large_image","twitter_misc":{"Gesch\u00e4tzte Lesezeit":"5\u00a0Minuten"},"schema":{"@context":"https:\/\/schema.org","@graph":[{"@type":"WebPage","@id":"https:\/\/kaplan-dienstleistungen.de\/","url":"https:\/\/kaplan-dienstleistungen.de\/","name":"KAPLAN Geb\u00e4udereinigung | Wir reinigen gr\u00fcndlich","isPartOf":{"@id":"https:\/\/kaplan-dienstleistungen.de\/#website"},"primaryImageOfPage":{"@id":"https:\/\/kaplan-dienstleistungen.de\/#primaryimage"},"image":{"@id":"https:\/\/kaplan-dienstleistungen.de\/#primaryimage"},"thumbnailUrl":"https:\/\/kaplan-dienstleistungen.de\/wp-content\/uploads\/2019\/03\/baureinigung-slider3.jpg","datePublished":"2018-05-19T02:32:06+00:00","dateModified":"2021-02-24T10:48:14+00:00","description":"Kaplan Geb\u00e4udereinigung in Schwandorf, Burglengenfeld, Regensburg. Reinigungsdienst im Bereich Fenster, Glas, Industrie, Grund-\/ Unterhaltsreinigung.","breadcrumb":{"@id":"https:\/\/kaplan-dienstleistungen.de\/#breadcrumb"},"inLanguage":"de","potentialAction":[{"@type":"ReadAction","target":["https:\/\/kaplan-dienstleistungen.de\/"]}]},{"@type":"ImageObject","inLanguage":"de","@id":"https:\/\/kaplan-dienstleistungen.de\/#primaryimage","url":"https:\/\/kaplan-dienstleistungen.de\/wp-content\/uploads\/2019\/03\/baureinigung-slider3.jpg","contentUrl":"https:\/\/kaplan-dienstleistungen.de\/wp-content\/uploads\/2019\/03\/baureinigung-slider3.jpg","width":1920,"height":867,"caption":"baureinigung-slider3"},{"@type":"BreadcrumbList","@id":"https:\/\/kaplan-dienstleistungen.de\/#breadcrumb","itemListElement":[{"@type":"ListItem","position":1,"name":"Startseite","item":"https:\/\/kaplan-dienstleistungen.de\/"},{"@type":"ListItem","position":2,"name":"Home"}]},{"@type":"WebSite","@id":"https:\/\/kaplan-dienstleistungen.de\/#website","url":"https:\/\/kaplan-dienstleistungen.de\/","name":"Kaplan Geb\u00e4udereinigung und Dienstleistungen","description":"Kaplan Reinigungsdienst","potentialAction":[{"@type":"SearchAction","target":{"@type":"EntryPoint","urlTemplate":"https:\/\/kaplan-dienstleistungen.de\/?s={search_term_string}"},"query-input":{"@type":"PropertyValueSpecification","valueRequired":true,"valueName":"search_term_string"}}],"inLanguage":"de"}]}},"_links":{"self":[{"href":"https:\/\/kaplan-dienstleistungen.de\/index.php?rest_route=\/wp\/v2\/pages\/3088","targetHints":{"allow":["GET"]}}],"collection":[{"href":"https:\/\/kaplan-dienstleistungen.de\/index.php?rest_route=\/wp\/v2\/pages"}],"about":[{"href":"https:\/\/kaplan-dienstleistungen.de\/index.php?rest_route=\/wp\/v2\/types\/page"}],"author":[{"embeddable":true,"href":"https:\/\/kaplan-dienstleistungen.de\/index.php?rest_route=\/wp\/v2\/users\/4"}],"replies":[{"embeddable":true,"href":"https:\/\/kaplan-dienstleistungen.de\/index.php?rest_route=%2Fwp%2Fv2%2Fcomments&post=3088"}],"version-history":[{"count":221,"href":"https:\/\/kaplan-dienstleistungen.de\/index.php?rest_route=\/wp\/v2\/pages\/3088\/revisions"}],"predecessor-version":[{"id":4661,"href":"https:\/\/kaplan-dienstleistungen.de\/index.php?rest_route=\/wp\/v2\/pages\/3088\/revisions\/4661"}],"wp:featuredmedia":[{"embeddable":true,"href":"https:\/\/kaplan-dienstleistungen.de\/index.php?rest_route=\/wp\/v2\/media\/4066"}],"wp:attachment":[{"href":"https:\/\/kaplan-dienstleistungen.de\/index.php?rest_route=%2Fwp%2Fv2%2Fmedia&parent=3088"}],"curies":[{"name":"wp","href":"https:\/\/api.w.org\/{rel}","templated":true}]}}