{"id":3986,"date":"2019-03-09T23:58:13","date_gmt":"2019-03-09T22:58:13","guid":{"rendered":"http:\/\/test.kaplan-dienstleistungen.de\/?page_id=3986"},"modified":"2019-03-12T14:43:07","modified_gmt":"2019-03-12T13:43:07","slug":"ueber-uns-service","status":"publish","type":"page","link":"https:\/\/kaplan-dienstleistungen.de\/?page_id=3986","title":{"rendered":"\u00dcber Uns"},"content":{"rendered":"<div data-vc-full-width=\"true\" data-vc-full-width-init=\"false\" data-vc-stretch-content=\"true\" class=\"vc_row wpb_row vc_row-fluid vc_custom_1528423230130 uranium_custom_5c87b76bcc547 vc_custom_1528423230130 vc_custom_1528423230130 vc_custom_1528423230161 vc_custom_1528423230184 vc_custom_1528423230207\"><div class=\"wpb_column vc_column_container vc_col-sm-12\"><div class=\"vc_column-inner\"><div class=\"wpb_wrapper\">            <strong><\/strong><div class=\"uranium-heading default left   vc_custom_1552167043627 uranium_custom_5c87b76bcc57f vc_custom_1552167043627 vc_custom_1552167043627 vc_custom_1552167043648 \">\r\n\t\t\t\t                    <h2 class=\"uranium-title\">\r\n\t\t\t\t\t\tProfessionelle Geb\u00e4udereinigung                    <\/h2>\r\n\t\t\t\t\t\t\t\t            <\/div>\r\n\t\t\t<\/div><\/div><\/div><\/div><div class=\"vc_row-full-width vc_clearfix\"><\/div><div class=\"vc_row wpb_row vc_row-fluid\"><div class=\"wpb_column vc_column_container vc_col-sm-12\"><div class=\"vc_column-inner\"><div class=\"wpb_wrapper\">            <strong><\/strong><div class=\"uranium-heading style1 center   vc_custom_1552398147895 uranium_custom_5c87b76bcc5b5 vc_custom_1552398147895 vc_custom_1552398147895 vc_custom_1552398147909 \">\r\n\t\t\t\t                    <h2 class=\"uranium-title\">\r\n\t\t\t\t\t\tMeisterhaft<br \/>\nsaubere & zuverl\u00e4ssige Geb\u00e4udereinigung                    <\/h2>\r\n\t\t\t\t\t\t\t\t            <\/div>\r\n\t\t\t<p style=\"font-size: 18px;color: #999999;line-height: 40px;text-align: center\" class=\"vc_custom_heading uranium_custom_5c87b76bcc5eb\" >Mit professionellem Know-How, sorgf\u00e4ltig eingearbeiteten Mitarbeitern und unsere Erfahrung garantieren wir ihnen h\u00f6chster Qualit\u00e4t.<\/p><\/div><\/div><\/div><\/div><div data-vc-full-width=\"true\" data-vc-full-width-init=\"false\" class=\"vc_row wpb_row vc_row-fluid gradient-gray vc_custom_1548147164139 uranium_custom_5c87b76bcc621 vc_custom_1548147164139 vc_custom_1548147164139 vc_custom_1548147164145 vc_custom_1548147164150\"><div class=\"wpb_column vc_column_container vc_col-sm-12\"><div class=\"vc_column-inner\"><div class=\"wpb_wrapper\"><div class=\"vc_row wpb_row vc_inner vc_row-fluid vc_custom_1548147168237 uranium_custom_5c87b76bcc657 vc_custom_1548147168237 vc_custom_1548147168237 vc_custom_1548147168243 vc_custom_1548147168249\"><div class=\"wpb_column vc_column_container vc_col-sm-6 uranium_custom_5c87b76bcc68d vc_custom_1527907802024 vc_custom_1527907802024 vc_custom_1527907802065 vc_custom_1527907802103\"><div class=\"vc_column-inner vc_custom_1527907802024\"><div class=\"wpb_wrapper\">\n\t<div class=\"wpb_text_column wpb_content_element uranium_custom_5c87b76bcc6c3 \" >\n\t\t<div class=\"wpb_wrapper\">\n\t\t\t<div class=\"mitte_content_p\"><em>Gr\u00fcndlich und kosteng\u00fcnstig<\/em><\/div>\n<h3 class=\"ueberschrift_flipbox\">Vielfalt unsere Dienstleistungen<\/h3>\n\n\t\t<\/div>\n\t<\/div>\n<div class=\"vc_empty_space uranium_custom_5c87b76bcc6f9\"   style=\"height: 30px\"><span class=\"vc_empty_space_inner\"><\/span><\/div>\n\t<div class=\"wpb_text_column wpb_content_element uranium_custom_5c87b76bcc72f \" >\n\t\t<div class=\"wpb_wrapper\">\n\t\t\t<div class=\"wpb_text_column wpb_content_element vc_custom_1464864987337\">\n<div class=\"wpb_wrapper\">Professionelle Geb\u00e4udereinigung sichert den langfristigen Werterhalt Ihrer Geb\u00e4ude.<\/div>\n<div class=\"wpb_wrapper\">Als Meisterbetrieb im Geb\u00e4udereiniger Handwerk garantieren wir Ihnen eine schnelle, fachgerechte, gr\u00fcndliche und kosteng\u00fcnstige L\u00f6sung f\u00fcr Ihre Reinigungsprobleme.<\/div>\n<\/div>\n\n\t\t<\/div>\n\t<\/div>\n<div class=\"vc_empty_space uranium_custom_5c87b76bcc764\"   style=\"height: 30px\"><span class=\"vc_empty_space_inner\"><\/span><\/div>\n\t<div class=\"wpb_raw_code wpb_content_element wpb_raw_html uranium_custom_5c87b76bcc79a \" >\n\t\t<div class=\"wpb_wrapper\">\n\t\t\t<div class=\"uranium-blog-custom \">\n<div class=\"post-custom \">\nSt\u00e4ndiges Streben nach Fehlerfreiheit\n<\/div>\n<\/div>\n<div class=\"uranium-blog-custom \">\n<div class=\"post-custom \">\nSuche nach besseren L\u00f6sungen\n<\/div>\n<\/div>\n<div class=\"uranium-blog-custom \">\n<div class=\"post-custom \">\nMehr Nutzwert f\u00fcr den Kunden\n<\/div>\n<\/div>\n\n<div class=\"uranium-blog-custom \">\n<div class=\"post-custom \">\nSchnell vor Ort\n<\/div>\n<\/div>\n\n<div class=\"uranium-blog-custom \">\n<div class=\"post-custom \">\nHochwertige Reinigungstechnik\n<\/div>\n<\/div>\n\n<div class=\"uranium-blog-custom \">\n<div class=\"post-custom \">\nUmweltschonend und effizient\n<\/div>\n<\/div>\n\n<div class=\"uranium-blog-custom \">\n<div class=\"post-custom \">\nQualit\u00e4t zu fairen Preisen\n<\/div>\n<\/div>\n\t\t<\/div>\n\t<\/div>\n<div class=\"vc_empty_space uranium_custom_5c87b76bcc7d0\"   style=\"height: 30px\"><span class=\"vc_empty_space_inner\"><\/span><\/div>            <div class=\"uranium-button default   uranium_custom_5c87b76bcc807 \">\r\n\t\t\t\t\t\t\t\t\t                    <a href=\"\/kontakt\/\"\r\n                       target=\"\">\r\n                        <span class=\"text\">Kontakt<\/span>\r\n                        <span class=\"custom-arrow\"><\/span>\r\n                    <\/a>\r\n\t\t\t\t            <\/div>\r\n\t\t\t<\/div><\/div><\/div><div class=\"wpb_column vc_column_container vc_col-sm-6 uranium_custom_5c87b76bcc83d vc_custom_1527907816360 vc_custom_1527907816360 vc_custom_1527907816408 vc_custom_1527907816450\"><div class=\"vc_column-inner vc_custom_1527907816360\"><div class=\"wpb_wrapper\">\r\n\t<div  class=\"wpb_single_image wpb_content_element vc_align_left uranium_custom_5c87b76bcc873\">\r\n\t\t\r\n\t\t<figure class=\"wpb_wrapper vc_figure\">\r\n\t\t\t<div class=\"vc_single_image-wrapper   vc_box_border_grey effect normal-effect \"><figure><img loading=\"lazy\" decoding=\"async\" width=\"552\" height=\"578\" src=\"data:image\/svg+xml;charset=utf-8,%3Csvg%20xmlns%3D%27http%3A%2F%2Fwww.w3.org%2F2000%2Fsvg%27%20viewBox%3D%270%200%20552%20578%27%2F%3E\" class=\"vc_single_image-img attachment-full lazy\" alt=\"ueber-uns-ar2\" data-src=\"https:\/\/kaplan-dienstleistungen.de\/wp-content\/uploads\/2019\/03\/ueber-uns-ar2.jpg\" data-srcset=\"https:\/\/kaplan-dienstleistungen.de\/wp-content\/uploads\/2019\/03\/ueber-uns-ar2.jpg 552w, https:\/\/kaplan-dienstleistungen.de\/wp-content\/uploads\/2019\/03\/ueber-uns-ar2-287x300.jpg 287w\" data-sizes=\"(max-width: 552px) 100vw, 552px\" \/><\/figure><\/div>\r\n\t\t<\/figure>\r\n\t<\/div>\r\n<\/div><\/div><\/div><\/div><\/div><\/div><\/div><\/div><div class=\"vc_row-full-width vc_clearfix\"><\/div><div data-vc-full-width=\"true\" data-vc-full-width-init=\"false\" class=\"vc_row wpb_row vc_row-fluid gradient-gray vc_custom_1548147164139 uranium_custom_5c87b76bcc8a9 vc_custom_1548147164139 vc_custom_1548147164139 vc_custom_1548147164145 vc_custom_1548147164150\"><div class=\"wpb_column vc_column_container vc_col-sm-12\"><div class=\"vc_column-inner\"><div class=\"wpb_wrapper\"><div class=\"vc_row wpb_row vc_inner vc_row-fluid vc_custom_1548147168237 uranium_custom_5c87b76bcc8de vc_custom_1548147168237 vc_custom_1548147168237 vc_custom_1548147168243 vc_custom_1548147168249\"><div class=\"wpb_column vc_column_container vc_col-sm-6 uranium_custom_5c87b76bcc914 vc_custom_1527907816360 vc_custom_1527907816360 vc_custom_1527907816408 vc_custom_1527907816450\"><div class=\"vc_column-inner vc_custom_1527907816360\"><div class=\"wpb_wrapper\">\r\n\t<div  class=\"wpb_single_image wpb_content_element vc_align_left uranium_custom_5c87b76bcc94a\">\r\n\t\t\r\n\t\t<figure class=\"wpb_wrapper vc_figure\">\r\n\t\t\t<div class=\"vc_single_image-wrapper   vc_box_border_grey effect normal-effect \"><figure><img loading=\"lazy\" decoding=\"async\" width=\"552\" height=\"449\" src=\"data:image\/svg+xml;charset=utf-8,%3Csvg%20xmlns%3D%27http%3A%2F%2Fwww.w3.org%2F2000%2Fsvg%27%20viewBox%3D%270%200%20552%20449%27%2F%3E\" class=\"vc_single_image-img attachment-full lazy\" alt=\"ueber-uns\" data-src=\"https:\/\/kaplan-dienstleistungen.de\/wp-content\/uploads\/2019\/03\/ueber-uns-ar1.jpg\" data-srcset=\"https:\/\/kaplan-dienstleistungen.de\/wp-content\/uploads\/2019\/03\/ueber-uns-ar1.jpg 552w, https:\/\/kaplan-dienstleistungen.de\/wp-content\/uploads\/2019\/03\/ueber-uns-ar1-300x244.jpg 300w\" data-sizes=\"(max-width: 552px) 100vw, 552px\" \/><\/figure><\/div>\r\n\t\t<\/figure>\r\n\t<\/div>\r\n<\/div><\/div><\/div><div class=\"wpb_column vc_column_container vc_col-sm-6 uranium_custom_5c87b76bcc980 vc_custom_1527907802024 vc_custom_1527907802024 vc_custom_1527907802065 vc_custom_1527907802103\"><div class=\"vc_column-inner vc_custom_1527907802024\"><div class=\"wpb_wrapper\">\n\t<div class=\"wpb_text_column wpb_content_element uranium_custom_5c87b76bcc9b6 \" >\n\t\t<div class=\"wpb_wrapper\">\n\t\t\t<div class=\"mitte_content_p\"><em>Alles aus einer Hand!<br \/>\n<\/em><\/div>\n<h3 class=\"ueberschrift_flipbox\">\u00dcberblick unsere Leistungen<\/h3>\n\n\t\t<\/div>\n\t<\/div>\n<div class=\"vc_empty_space uranium_custom_5c87b76bcc9ec\"   style=\"height: 30px\"><span class=\"vc_empty_space_inner\"><\/span><\/div>\n\t<div class=\"wpb_text_column wpb_content_element uranium_custom_5c87b76bcca21 \" >\n\t\t<div class=\"wpb_wrapper\">\n\t\t\t<div class=\"wpb_text_column wpb_content_element vc_custom_1464865066208\">\n<div class=\"wpb_wrapper\">\n<p>Als familiengef\u00fchrtes Dienstleistungsunternehmen haben wir uns auf die professionelle Geb\u00e4udereinigung spezialisiert.<br \/>\nUnsere Mitarbeiter profitieren von einem angenehmen Arbeitsklima, pers\u00f6nlicher Betreuung und kontinuierlicher Fortbildung.<\/p>\n<\/div>\n<\/div>\n\n\t\t<\/div>\n\t<\/div>\n<div class=\"vc_empty_space uranium_custom_5c87b76bcca57\"   style=\"height: 30px\"><span class=\"vc_empty_space_inner\"><\/span><\/div>\n\t<div class=\"wpb_raw_code wpb_content_element wpb_raw_html uranium_custom_5c87b76bcca8d \" >\n\t\t<div class=\"wpb_wrapper\">\n\t\t\t<div class=\"uranium-blog-custom \">\n<div class=\"post-custom \">\nGrundreinigung\n<\/div>\n<\/div>\n<div class=\"uranium-blog-custom \">\n<div class=\"post-custom \">\nUnterhaltsreinigung\n<\/div>\n<\/div>\n<div class=\"uranium-blog-custom \">\n<div class=\"post-custom \">\nIndustriereinigung\n<\/div>\n<\/div>\n\n<div class=\"uranium-blog-custom \">\n<div class=\"post-custom \">\nBaufeinreinigung\n<\/div>\n<\/div>\n\n<div class=\"uranium-blog-custom \">\n<div class=\"post-custom \">\nHausmeisterservice\n<\/div>\n<\/div>\n\n<div class=\"uranium-blog-custom \">\n<div class=\"post-custom \">\nGr\u00fcnanlagenpflege\n<\/div>\n<\/div>\n\n<div class=\"uranium-blog-custom \">\n<div class=\"post-custom \">\nWinterdienst\n<\/div>\n<\/div>\n\t\t<\/div>\n\t<\/div>\n<div class=\"vc_empty_space uranium_custom_5c87b76bccac3\"   style=\"height: 30px\"><span class=\"vc_empty_space_inner\"><\/span><\/div>            <div class=\"uranium-button default   uranium_custom_5c87b76bccaf9 \">\r\n\t\t\t\t\t\t\t\t\t                    <a href=\"\/kontakt\/\"\r\n                       target=\"\">\r\n                        <span class=\"text\">Kontakt<\/span>\r\n                        <span class=\"custom-arrow\"><\/span>\r\n                    <\/a>\r\n\t\t\t\t            <\/div>\r\n\t\t\t<\/div><\/div><\/div><\/div><\/div><\/div><\/div><\/div><div class=\"vc_row-full-width vc_clearfix\"><\/div><div class=\"vc_row wpb_row vc_row-fluid\"><div class=\"wpb_column vc_column_container vc_col-sm-12\"><div class=\"vc_column-inner\"><div class=\"wpb_wrapper\"><div class=\"vc_empty_space uranium_custom_5c87b76bccb2f\"   style=\"height: 42px\"><span class=\"vc_empty_space_inner\"><\/span><\/div><div class=\"vc_empty_space uranium_custom_5c87b76bccb64\"   style=\"height: 42px\"><span class=\"vc_empty_space_inner\"><\/span><\/div><\/div><\/div><\/div><\/div><div data-vc-full-width=\"true\" data-vc-full-width-init=\"false\" class=\"vc_row wpb_row vc_row-fluid over-index uranium_custom_5c87b76bccb9a\"><div class=\"wpb_column vc_column_container vc_col-sm-12\"><div class=\"vc_column-inner\"><div class=\"wpb_wrapper\">            <div class=\"uranium-call_to_action default   vc_custom_1552336023789 uranium_custom_5c87b76bccbd0 vc_custom_1552336023789 vc_custom_1552336023789 \">\r\n\t\t\t\t\t\t\t\t\t\t\t\t                    <div class=\"desc\">\r\n\t\t\t\t\t\t<span>Weil<\/span> wir es k\u00f6nnen!                    <\/div>\r\n\t\t\t\t\t\t\t\t\t\t\t\t\t                    <div class=\"uranium-button style2\">\r\n                        <a href=\"\/kontakt\/\"\r\n                           target=\" _blank\">\r\n                            <span class=\"text\">Kontaktieren Sie uns!<\/span>\r\n                            <span class=\"custom-arrow\"><\/span>\r\n                        <\/a>\r\n                    <\/div>\r\n\t\t\t\t\t\t\t\t            <\/div>\r\n\t\t\t<\/div><\/div><\/div><\/div><div class=\"vc_row-full-width vc_clearfix\"><\/div><div data-vc-full-width=\"true\" data-vc-full-width-init=\"false\" data-vc-stretch-content=\"true\" class=\"vc_row wpb_row vc_row-fluid vc_custom_1552171394505 uranium_custom_5c87b76bccc06 vc_custom_1552171394505 vc_custom_1552171394505 vc_custom_1552171394510 vc_custom_1552171394515 vc_custom_1552171394518\"><div class=\"wpb_column vc_column_container vc_col-sm-12 vc_col-has-fill uranium_custom_5c87b76bccc3c vc_custom_1552171387156 vc_custom_1552171387156 vc_custom_1552171387170\"><div class=\"vc_column-inner vc_custom_1552171387156\"><div class=\"wpb_wrapper\"><\/div><\/div><\/div><\/div><div class=\"vc_row-full-width vc_clearfix\"><\/div>\n","protected":false},"excerpt":{"rendered":"Professionelle Geb\u00e4udereinigung Meisterhaft saubere & zuverl\u00e4ssige Geb\u00e4udereinigung Mit professionellem Know-How, sorgf\u00e4ltig eingearbeiteten Mitarbeitern und unsere Erfahrung garantieren wir ihnen h\u00f6chster Qualit\u00e4t. Gr\u00fcndlich und kosteng\u00fcnstig Vielfalt unsere Dienstleistungen Professionelle Geb\u00e4udereinigung sichert den langfristigen Werterhalt Ihrer Geb\u00e4ude. Als Meisterbetrieb im Geb\u00e4udereiniger Handwerk garantieren wir Ihnen eine schnelle, fachgerechte, gr\u00fcndliche und kosteng\u00fcnstige L\u00f6sung f\u00fcr Ihre Reinigungsprobleme. St\u00e4ndiges Streben [...]","protected":false},"author":4,"featured_media":0,"parent":0,"menu_order":0,"comment_status":"closed","ping_status":"closed","template":"","meta":{"footnotes":""},"class_list":["post-3986","page","type-page","status-publish","hentry"],"yoast_head":"<!-- This site is optimized with the Yoast SEO plugin v27.4 - https:\/\/yoast.com\/product\/yoast-seo-wordpress\/ -->\n<title>Baureinigung | Kaplan Geb\u00e4udereinigung &amp; Dienstleistungsservice<\/title>\n<meta name=\"description\" content=\"Die Baureinigung umfasst die Beseitigung von Bauverschmutzungen bei Neu- und Umbauten sowie nach Renovierungsarbeiten w\u00e4hrend der Bauzeit oder danach...\" \/>\n<meta name=\"robots\" content=\"index, follow, max-snippet:-1, max-image-preview:large, max-video-preview:-1\" \/>\n<link rel=\"canonical\" href=\"https:\/\/kaplan-dienstleistungen.de\/ueber-uns-service\/\" \/>\n<meta property=\"og:locale\" content=\"de_DE\" \/>\n<meta property=\"og:type\" content=\"article\" \/>\n<meta property=\"og:title\" content=\"Baureinigung | Kaplan Geb\u00e4udereinigung &amp; Dienstleistungsservice\" \/>\n<meta property=\"og:description\" content=\"Die Baureinigung umfasst die Beseitigung von Bauverschmutzungen bei Neu- und Umbauten sowie nach Renovierungsarbeiten w\u00e4hrend der Bauzeit oder danach...\" \/>\n<meta property=\"og:url\" content=\"https:\/\/kaplan-dienstleistungen.de\/ueber-uns-service\/\" \/>\n<meta property=\"og:site_name\" content=\"Kaplan Geb\u00e4udereinigung und Dienstleistungen\" \/>\n<meta property=\"article:modified_time\" content=\"2019-03-12T13:43:07+00:00\" \/>\n<meta name=\"twitter:card\" content=\"summary_large_image\" \/>\n<meta name=\"twitter:label1\" content=\"Gesch\u00e4tzte Lesezeit\" \/>\n\t<meta name=\"twitter:data1\" content=\"8\u00a0Minuten\" \/>\n<script type=\"application\/ld+json\" class=\"yoast-schema-graph\">{\"@context\":\"https:\\\/\\\/schema.org\",\"@graph\":[{\"@type\":\"WebPage\",\"@id\":\"https:\\\/\\\/kaplan-dienstleistungen.de\\\/ueber-uns-service\\\/\",\"url\":\"https:\\\/\\\/kaplan-dienstleistungen.de\\\/ueber-uns-service\\\/\",\"name\":\"Baureinigung | Kaplan Geb\u00e4udereinigung & Dienstleistungsservice\",\"isPartOf\":{\"@id\":\"https:\\\/\\\/kaplan-dienstleistungen.de\\\/#website\"},\"datePublished\":\"2019-03-09T22:58:13+00:00\",\"dateModified\":\"2019-03-12T13:43:07+00:00\",\"description\":\"Die Baureinigung umfasst die Beseitigung von Bauverschmutzungen bei Neu- und Umbauten sowie nach Renovierungsarbeiten w\u00e4hrend der Bauzeit oder danach...\",\"breadcrumb\":{\"@id\":\"https:\\\/\\\/kaplan-dienstleistungen.de\\\/ueber-uns-service\\\/#breadcrumb\"},\"inLanguage\":\"de\",\"potentialAction\":[{\"@type\":\"ReadAction\",\"target\":[\"https:\\\/\\\/kaplan-dienstleistungen.de\\\/ueber-uns-service\\\/\"]}]},{\"@type\":\"BreadcrumbList\",\"@id\":\"https:\\\/\\\/kaplan-dienstleistungen.de\\\/ueber-uns-service\\\/#breadcrumb\",\"itemListElement\":[{\"@type\":\"ListItem\",\"position\":1,\"name\":\"Startseite\",\"item\":\"https:\\\/\\\/kaplan-dienstleistungen.de\\\/\"},{\"@type\":\"ListItem\",\"position\":2,\"name\":\"\u00dcber Uns\"}]},{\"@type\":\"WebSite\",\"@id\":\"https:\\\/\\\/kaplan-dienstleistungen.de\\\/#website\",\"url\":\"https:\\\/\\\/kaplan-dienstleistungen.de\\\/\",\"name\":\"Kaplan Geb\u00e4udereinigung und Dienstleistungen\",\"description\":\"Kaplan Reinigungsdienst\",\"potentialAction\":[{\"@type\":\"SearchAction\",\"target\":{\"@type\":\"EntryPoint\",\"urlTemplate\":\"https:\\\/\\\/kaplan-dienstleistungen.de\\\/?s={search_term_string}\"},\"query-input\":{\"@type\":\"PropertyValueSpecification\",\"valueRequired\":true,\"valueName\":\"search_term_string\"}}],\"inLanguage\":\"de\"}]}<\/script>\n<!-- \/ Yoast SEO plugin. -->","yoast_head_json":{"title":"Baureinigung | Kaplan Geb\u00e4udereinigung & Dienstleistungsservice","description":"Die Baureinigung umfasst die Beseitigung von Bauverschmutzungen bei Neu- und Umbauten sowie nach Renovierungsarbeiten w\u00e4hrend der Bauzeit oder danach...","robots":{"index":"index","follow":"follow","max-snippet":"max-snippet:-1","max-image-preview":"max-image-preview:large","max-video-preview":"max-video-preview:-1"},"canonical":"https:\/\/kaplan-dienstleistungen.de\/ueber-uns-service\/","og_locale":"de_DE","og_type":"article","og_title":"Baureinigung | Kaplan Geb\u00e4udereinigung & Dienstleistungsservice","og_description":"Die Baureinigung umfasst die Beseitigung von Bauverschmutzungen bei Neu- und Umbauten sowie nach Renovierungsarbeiten w\u00e4hrend der Bauzeit oder danach...","og_url":"https:\/\/kaplan-dienstleistungen.de\/ueber-uns-service\/","og_site_name":"Kaplan Geb\u00e4udereinigung und Dienstleistungen","article_modified_time":"2019-03-12T13:43:07+00:00","twitter_card":"summary_large_image","twitter_misc":{"Gesch\u00e4tzte Lesezeit":"8\u00a0Minuten"},"schema":{"@context":"https:\/\/schema.org","@graph":[{"@type":"WebPage","@id":"https:\/\/kaplan-dienstleistungen.de\/ueber-uns-service\/","url":"https:\/\/kaplan-dienstleistungen.de\/ueber-uns-service\/","name":"Baureinigung | Kaplan Geb\u00e4udereinigung & Dienstleistungsservice","isPartOf":{"@id":"https:\/\/kaplan-dienstleistungen.de\/#website"},"datePublished":"2019-03-09T22:58:13+00:00","dateModified":"2019-03-12T13:43:07+00:00","description":"Die Baureinigung umfasst die Beseitigung von Bauverschmutzungen bei Neu- und Umbauten sowie nach Renovierungsarbeiten w\u00e4hrend der Bauzeit oder danach...","breadcrumb":{"@id":"https:\/\/kaplan-dienstleistungen.de\/ueber-uns-service\/#breadcrumb"},"inLanguage":"de","potentialAction":[{"@type":"ReadAction","target":["https:\/\/kaplan-dienstleistungen.de\/ueber-uns-service\/"]}]},{"@type":"BreadcrumbList","@id":"https:\/\/kaplan-dienstleistungen.de\/ueber-uns-service\/#breadcrumb","itemListElement":[{"@type":"ListItem","position":1,"name":"Startseite","item":"https:\/\/kaplan-dienstleistungen.de\/"},{"@type":"ListItem","position":2,"name":"\u00dcber Uns"}]},{"@type":"WebSite","@id":"https:\/\/kaplan-dienstleistungen.de\/#website","url":"https:\/\/kaplan-dienstleistungen.de\/","name":"Kaplan Geb\u00e4udereinigung und Dienstleistungen","description":"Kaplan Reinigungsdienst","potentialAction":[{"@type":"SearchAction","target":{"@type":"EntryPoint","urlTemplate":"https:\/\/kaplan-dienstleistungen.de\/?s={search_term_string}"},"query-input":{"@type":"PropertyValueSpecification","valueRequired":true,"valueName":"search_term_string"}}],"inLanguage":"de"}]}},"_links":{"self":[{"href":"https:\/\/kaplan-dienstleistungen.de\/index.php?rest_route=\/wp\/v2\/pages\/3986","targetHints":{"allow":["GET"]}}],"collection":[{"href":"https:\/\/kaplan-dienstleistungen.de\/index.php?rest_route=\/wp\/v2\/pages"}],"about":[{"href":"https:\/\/kaplan-dienstleistungen.de\/index.php?rest_route=\/wp\/v2\/types\/page"}],"author":[{"embeddable":true,"href":"https:\/\/kaplan-dienstleistungen.de\/index.php?rest_route=\/wp\/v2\/users\/4"}],"replies":[{"embeddable":true,"href":"https:\/\/kaplan-dienstleistungen.de\/index.php?rest_route=%2Fwp%2Fv2%2Fcomments&post=3986"}],"version-history":[{"count":21,"href":"https:\/\/kaplan-dienstleistungen.de\/index.php?rest_route=\/wp\/v2\/pages\/3986\/revisions"}],"predecessor-version":[{"id":4652,"href":"https:\/\/kaplan-dienstleistungen.de\/index.php?rest_route=\/wp\/v2\/pages\/3986\/revisions\/4652"}],"wp:attachment":[{"href":"https:\/\/kaplan-dienstleistungen.de\/index.php?rest_route=%2Fwp%2Fv2%2Fmedia&parent=3986"}],"curies":[{"name":"wp","href":"https:\/\/api.w.org\/{rel}","templated":true}]}}